{"id":4789,"date":"2026-01-16T22:54:26","date_gmt":"2026-01-16T21:54:26","guid":{"rendered":"https:\/\/tazig.fr\/?page_id=4789"},"modified":"2026-01-17T00:37:01","modified_gmt":"2026-01-16T23:37:01","slug":"gestion-des-cookies","status":"publish","type":"page","link":"https:\/\/tazig.fr\/index.php\/contact\/gestion-des-cookies\/","title":{"rendered":"Gestion des cookies"},"content":{"rendered":"\t\t<div data-elementor-type=\"wp-page\" data-elementor-id=\"4789\" class=\"elementor elementor-4789\" data-elementor-post-type=\"page\">\n\t\t\t\t<div class=\"elementor-element elementor-element-6aab0b7d e-flex e-con-boxed e-con e-parent\" data-id=\"6aab0b7d\" data-element_type=\"container\">\n\t\t\t\t\t<div class=\"e-con-inner\">\n\t\t\t\t<div class=\"elementor-element elementor-element-2a43a24c elementor-widget elementor-widget-text-editor\" data-id=\"2a43a24c\" data-element_type=\"widget\" data-widget_type=\"text-editor.default\">\n\t\t\t\t<div class=\"elementor-widget-container\">\n\t\t\t\t\t\t\t\t\t<h1>Gestion des cookies<\/h1>\n<p>Derni\u00e8re mise \u00e0 jour : janvier 2026<\/p>\n<p>L&rsquo;Association Tazig Samten Ling utilise certaines technologies de suivi et de surveillance, telles que les cookies, les balises, les pixels, les tags et les scripts (collectivement, les \u00ab Cookies \u00bb). Ces technologies servent \u00e0 fournir, maintenir et am\u00e9liorer notre site web (les \u00ab Services \u00bb), et \u00e0 offrir \u00e0 nos visiteurs et utilisateurs une meilleure exp\u00e9rience (par exemple, pour suivre vos pr\u00e9f\u00e9rences, mieux s\u00e9curiser nos Services, identifier les probl\u00e8mes techniques et surveiller et am\u00e9liorer les performances globales de nos Services).<\/p>\n<p>Cette page contient des informations sur les cookies, leur utilisation sur nos services, la mani\u00e8re de les refuser, ainsi que des liens utiles pour approfondir le sujet. Si vous ne trouvez pas les informations recherch\u00e9es ou si vous avez d&rsquo;autres questions concernant l&rsquo;utilisation des cookies sur nos services, veuillez nous contacter \u00e0 l&rsquo;adresse <a href=\"mailto:presidence@tazig.fr\">presidence@tazig.fr<\/a><br \/>Pour plus d&rsquo;informations sur nos pratiques g\u00e9n\u00e9rales en mati\u00e8re de confidentialit\u00e9, veuillez consulter notre Politique de confidentialit\u00e9.<\/p>\n<p><strong>1. Que sont les cookies ?<\/strong><br \/>Les cookies sont de petits fichiers texte enregistr\u00e9s par votre navigateur sur votre ordinateur ou appareil mobile lorsque vous consultez un site web. Ils permettent au site de m\u00e9moriser des informations telles que vos identifiants de connexion ou votre langue pr\u00e9f\u00e9r\u00e9e. On peut consid\u00e9rer les cookies comme une sorte de \u00ab m\u00e9moire \u00bb pour le site web, lui permettant de vous reconna\u00eetre lors de vos prochaines visites et d&rsquo;adapter son comportement en cons\u00e9quence. L&rsquo;acceptation de tous les cookies n&rsquo;est pas obligatoire pour visiter notre site web ; toutefois, leur activation peut offrir une exp\u00e9rience de navigation plus personnalis\u00e9e et est n\u00e9cessaire au bon fonctionnement de la plupart de nos services.<\/p>\n<p><strong>2. Comment utilisons-nous les cookies ?<\/strong><br \/>L&rsquo;Association Tazig Samten Ling utilise plusieurs types de cookies sur son site web :<\/p>\n<p>Cookies essentiels : Ces cookies sont indispensables au bon fonctionnement des Services et ne peuvent \u00eatre d\u00e9sactiv\u00e9s. Ils sont g\u00e9n\u00e9ralement d\u00e9pos\u00e9s en r\u00e9ponse \u00e0 vos actions, permettant par exemple la navigation ou la d\u00e9finition de vos pr\u00e9f\u00e9rences. Ces cookies ne stockent aucune information vous concernant qui pourrait \u00eatre utilis\u00e9e \u00e0 d\u2019autres fins.<\/p>\n<p>Cookies de pr\u00e9f\u00e9rences et de fonctionnalit\u00e9 : ces cookies permettent aux Services d\u2019offrir des fonctionnalit\u00e9s am\u00e9lior\u00e9es et une personnalisation. Ils peuvent \u00eatre install\u00e9s par nous (cookies internes) ou par des fournisseurs tiers qui collaborent avec nous (cookies tiers).<\/p>\n<p>Cookies de performance et d&rsquo;analyse : Ces cookies sont exclusivement destin\u00e9s \u00e0 un usage interne. Ils nous permettent de s\u00e9curiser et de maintenir nos services, et de m\u00e9moriser vos pr\u00e9f\u00e9rences concernant les outils disponibles sur ces services. Ils servent \u00e9galement \u00e0 recueillir des donn\u00e9es analytiques sur votre utilisation de nos services et \u00e0 am\u00e9liorer les performances du site en cons\u00e9quence. Si vous refusez ces cookies, nous ne pourrons pas savoir quand vous avez visit\u00e9 notre site.<\/p>\n<p><strong>3. Combien de temps se conservent les cookies ?<\/strong><br \/>La dur\u00e9e de conservation d&rsquo;un cookie sur votre appareil varie en fonction de sa finalit\u00e9.<\/p>\n<p>Un cookie qui reste sur votre appareil apr\u00e8s la fin de votre session (jusqu&rsquo;\u00e0 son expiration ou sa suppression) est appel\u00e9 \u00ab cookie persistant \u00bb. Les cookies persistants sont utilis\u00e9s \u00e0 diff\u00e9rentes fins, notamment pour m\u00e9moriser vos pr\u00e9f\u00e9rences, vos informations de connexion, votre interaction avec nos services et l&rsquo;efficacit\u00e9 de nos cookies de ciblage.<\/p>\n<p>Un cookie qui est automatiquement supprim\u00e9 une fois votre session termin\u00e9e est appel\u00e9 \u00ab cookie de session \u00bb. Les cookies de session sont utilis\u00e9s pendant votre visite sur notre site et sont automatiquement supprim\u00e9s lorsque vous fermez votre navigateur.<\/p>\n<p><strong>4. Quels cookies utilisons-nous ?<\/strong><br \/>Si vous d\u00e9posez un commentaire sur notre site, il vous sera propos\u00e9 d\u2019enregistrer votre nom, adresse e-mail et site dans des cookies. C\u2019est uniquement pour votre confort afin de ne pas avoir \u00e0 saisir ces informations si vous d\u00e9posez un autre commentaire plus tard. Ces cookies expirent au bout d\u2019un an.<br \/>Si vous vous rendez sur la page de connexion, un cookie temporaire sera cr\u00e9\u00e9 afin de d\u00e9terminer si votre navigateur accepte les cookies. Il ne contient pas de donn\u00e9es personnelles et sera supprim\u00e9 automatiquement \u00e0 la fermeture de votre navigateur.<br \/>Lorsque vous vous connecterez, nous mettrons en place un certain nombre de cookies pour enregistrer vos informations de connexion et vos pr\u00e9f\u00e9rences d\u2019\u00e9cran. La dur\u00e9e de vie d\u2019un cookie de connexion est de deux jours, celle d\u2019un cookie d\u2019option d\u2019\u00e9cran est d\u2019un an. Si vous cochez \u00ab Se souvenir de moi \u00bb, votre cookie de connexion sera conserv\u00e9 pendant deux semaines. Si vous vous d\u00e9connectez de votre compte, le cookie de connexion sera effac\u00e9.<br \/>En modifiant ou en publiant une publication, un cookie suppl\u00e9mentaire sera enregistr\u00e9 dans votre navigateur. Ce cookie ne comprend aucune donn\u00e9e personnelle. Il indique simplement l\u2019ID de la publication que vous venez de modifier. Il expire au bout d\u2019un jour.<\/p>\n<p><strong>5. Comment refuser ou supprimer les cookies ?<\/strong><br \/>Vous avez le choix concernant l&rsquo;utilisation des cookies, comme d\u00e9crit dans la pr\u00e9sente politique. Veuillez noter que le refus ou la suppression de certains cookies peut entra\u00eener un dysfonctionnement des services.<\/p>\n<p>Vous pouvez modifier les param\u00e8tres de votre navigateur web, g\u00e9n\u00e9ralement accessibles via le menu \u00ab Options \u00bb ou \u00ab Pr\u00e9f\u00e9rences \u00bb.<\/p>\n<p>Veuillez noter que lorsque vous obtenez un nouvel ordinateur, installez un nouveau navigateur, effacez ou modifiez de quelque mani\u00e8re que ce soit le fichier de cookies de votre navigateur (y compris la mise \u00e0 jour de certains navigateurs), vous pouvez \u00e9galement effacer les cookies de d\u00e9sactivation install\u00e9s une fois que vous vous \u00eates d\u00e9sinscrit. Une d\u00e9sactivation suppl\u00e9mentaire sera donc n\u00e9cessaire pour emp\u00eacher tout suivi suppl\u00e9mentaire.<br \/>Pour supprimer les cookies enregistr\u00e9s ou modifier ces param\u00e8tres, vous r\u00e9f\u00e9rer aux param\u00e8tres de votre navigateur web.<\/p>\n<p><strong>6. Liens utiles<\/strong><br \/>Pour plus d&rsquo;informations concernant les cookies, le site web suivant pourrait vous \u00eatre utile :<br \/><a href=\"https:\/\/www.cnil.fr\/fr\/cookies-et-autres-traceurs\/comment-se-proteger\/maitriser-votre-navigateur\">https:\/\/www.cnil.fr\/fr\/cookies-et-autres-traceurs\/comment-se-proteger\/maitriser-votre-navigateur<\/a>.<\/p>\n<p>\u00a0<\/p>\t\t\t\t\t\t\t\t<\/div>\n\t\t\t\t<\/div>\n\t\t\t\t\t<\/div>\n\t\t\t\t<\/div>\n\t\t\t\t<\/div>\n\t\t","protected":false},"excerpt":{"rendered":"<p>Gestion des cookies Derni\u00e8re mise \u00e0 jour : janvier 2026 L&rsquo;Association Tazig Samten Ling utilise certaines technologies de suivi et de surveillance, telles que les cookies, les balises, les pixels, les tags et les scripts (collectivement, les \u00ab Cookies \u00bb). Ces technologies servent \u00e0 fournir, maintenir et am\u00e9liorer notre site web (les \u00ab Services \u00bb), et \u00e0 offrir \u00e0 nos visiteurs et utilisateurs une meilleure[&#8230;]<\/p>\n","protected":false},"author":1,"featured_media":0,"parent":3826,"menu_order":3,"comment_status":"closed","ping_status":"closed","template":"elementor_canvas","meta":{"_uag_custom_page_level_css":"","footnotes":""},"class_list":["post-4789","page","type-page","status-publish","hentry"],"uagb_featured_image_src":{"full":false,"thumbnail":false,"medium":false,"medium_large":false,"large":false,"1536x1536":false,"2048x2048":false,"post-thumbnail":false,"poseidon-header-image":false,"poseidon-thumbnail-small":false,"poseidon-thumbnail-medium":false,"poseidon-thumbnail-large":false,"poseidon-thumbnail-single":false},"uagb_author_info":{"display_name":"Mandesha","author_link":"https:\/\/tazig.fr\/index.php\/author\/mandesha\/"},"uagb_comment_info":0,"uagb_excerpt":"Gestion des cookies Derni\u00e8re mise \u00e0 jour : janvier 2026 L&rsquo;Association Tazig Samten Ling utilise certaines technologies de suivi et de surveillance, telles que les cookies, les balises, les pixels, les tags et les scripts (collectivement, les \u00ab Cookies \u00bb). Ces technologies servent \u00e0 fournir, maintenir et am\u00e9liorer notre site web (les \u00ab Services \u00bb),\u2026","_links":{"self":[{"href":"https:\/\/tazig.fr\/index.php\/wp-json\/wp\/v2\/pages\/4789","targetHints":{"allow":["GET"]}}],"collection":[{"href":"https:\/\/tazig.fr\/index.php\/wp-json\/wp\/v2\/pages"}],"about":[{"href":"https:\/\/tazig.fr\/index.php\/wp-json\/wp\/v2\/types\/page"}],"author":[{"embeddable":true,"href":"https:\/\/tazig.fr\/index.php\/wp-json\/wp\/v2\/users\/1"}],"replies":[{"embeddable":true,"href":"https:\/\/tazig.fr\/index.php\/wp-json\/wp\/v2\/comments?post=4789"}],"version-history":[{"count":10,"href":"https:\/\/tazig.fr\/index.php\/wp-json\/wp\/v2\/pages\/4789\/revisions"}],"predecessor-version":[{"id":4814,"href":"https:\/\/tazig.fr\/index.php\/wp-json\/wp\/v2\/pages\/4789\/revisions\/4814"}],"up":[{"embeddable":true,"href":"https:\/\/tazig.fr\/index.php\/wp-json\/wp\/v2\/pages\/3826"}],"wp:attachment":[{"href":"https:\/\/tazig.fr\/index.php\/wp-json\/wp\/v2\/media?parent=4789"}],"curies":[{"name":"wp","href":"https:\/\/api.w.org\/{rel}","templated":true}]}}