{"id":4708,"date":"2026-01-16T23:00:40","date_gmt":"2026-01-16T22:00:40","guid":{"rendered":"https:\/\/tazig.fr\/?page_id=4708"},"modified":"2026-02-11T01:33:03","modified_gmt":"2026-02-11T00:33:03","slug":"politique-de-confidentialite","status":"publish","type":"page","link":"https:\/\/tazig.fr\/index.php\/contact\/politique-de-confidentialite\/","title":{"rendered":"Politique de confidentialit\u00e9"},"content":{"rendered":"\t\t<div data-elementor-type=\"wp-page\" data-elementor-id=\"4708\" class=\"elementor elementor-4708\" data-elementor-post-type=\"page\">\n\t\t\t\t<div class=\"elementor-element elementor-element-6aab0b7d e-flex e-con-boxed e-con e-parent\" data-id=\"6aab0b7d\" data-element_type=\"container\">\n\t\t\t\t\t<div class=\"e-con-inner\">\n\t\t\t\t<div class=\"elementor-element elementor-element-2a43a24c elementor-widget elementor-widget-text-editor\" data-id=\"2a43a24c\" data-element_type=\"widget\" data-widget_type=\"text-editor.default\">\n\t\t\t\t<div class=\"elementor-widget-container\">\n\t\t\t\t\t\t\t\t\t<h2 class=\"wp-block-heading\">Qui sommes-nous\u00a0?<\/h2>\n<p>Le site https:\/\/tazig.fr est la propri\u00e9t\u00e9 de l\u2019Association Tazig Samten Ling (Association Loi 101 N\u00b0 W 343017349).<br \/>Le responsable d\u2019\u00e9dition et de gestion du site est Madame Karima Ouldali en qualit\u00e9 de Pr\u00e9sidente de l\u2019Association Tazig Samten Ling.<br \/>Les coordonn\u00e9es de contact sont les suivantes :<br \/>Adresse Postale : 17 Rue des Lauriers Roses, 34070 MONTPELLIER<br \/>Num\u00e9ro de t\u00e9l\u00e9phone : +33<span data-olk-copy-source=\"MessageBody\">7 83 38 96 89<\/span><br \/>Courriel : presidence@tazig.fr<!-- \/wp:paragraph --><!-- wp:heading --><\/p>\n<p>\u00a0<\/p>\n<h2>Utilisation des donn\u00e9es personnelles collect\u00e9es<\/h2>\n<p>Les donn\u00e9es que nous traitons vous concernant peuvent \u00eatre collect\u00e9es et g\u00e9n\u00e9r\u00e9es automatiquement ; obtenues directement aupr\u00e8s de vous, par le biais de votre interaction avec nous ou nos Services ; collect\u00e9es par l&rsquo;interm\u00e9diaire de services tiers, de m\u00e9dias sociaux et d&rsquo;outils d&rsquo;analyse ; ou encore collect\u00e9es lors d&rsquo;\u00e9v\u00e9nements que nous organisons ou auxquels nous participons, et d&rsquo;autres initiatives en relation avec nos activit\u00e9s.<\/p>\n<p>Dans le cadre de l\u2019utilisation des fonctionnalit\u00e9s de notre site internet, notamment de la cr\u00e9ation d\u2019un compte, de la r\u00e9alisation d\u2019une inscription \u00e0 un \u00e9v\u00e8nement, de l&rsquo;adh\u00e9sion annuelle ou lors d&rsquo;une donation, nous sommes susceptibles de collecter directement aupr\u00e8s de vous des donn\u00e9es personnelles vous concernant, et notamment les donn\u00e9es suivantes :<br \/>&#8211; Informations permettant votre identification : nom, pr\u00e9nom, num\u00e9ro de t\u00e9l\u00e9phone, adresse postale, courriel, et le cas \u00e9ch\u00e9ant la date de naissance ;<br \/>&#8211; Informations relatives \u00e0 la commande : date de la commande, date du paiement, statut de l&rsquo;inscription, type d\u2019action (adh\u00e9sion, don, billetterie, achat, etc.), montant de la commande, mode(s) de r\u00e8glement utilis\u00e9 ;<br \/>&#8211; Toutes informations que vous choisirez de nous communiquer sur les formulaires de contact.<\/p>\n<p>\u00a0<\/p>\n<h2 class=\"wp-block-heading\">Cookies<!-- \/wp:heading --><!-- wp:paragraph --><\/h2>\n<p>Si vous d\u00e9posez un commentaire sur notre site, il vous sera propos\u00e9 d\u2019enregistrer votre nom, adresse e-mail et site dans des cookies. C\u2019est uniquement pour votre confort afin de ne pas avoir \u00e0 saisir ces informations si vous d\u00e9posez un autre commentaire plus tard. Ces cookies expirent au bout d\u2019un an.<\/p>\n<p><span style=\"font-size: 1.0625rem;\">Si vous vous rendez sur la page de connexion, un cookie temporaire sera cr\u00e9\u00e9 afin de d\u00e9terminer si votre navigateur accepte les cookies. Il ne contient pas de donn\u00e9es personnelles et sera supprim\u00e9 automatiquement \u00e0 la fermeture de votre navigateur.<\/span><!-- \/wp:paragraph --><!-- wp:paragraph --><\/p>\n<p>Lorsque vous vous connecterez, nous mettrons en place un certain nombre de cookies pour enregistrer vos informations de connexion et vos pr\u00e9f\u00e9rences d\u2019\u00e9cran. La dur\u00e9e de vie d\u2019un cookie de connexion est de deux jours, celle d\u2019un cookie d\u2019option d\u2019\u00e9cran est d\u2019un an. Si vous cochez \u00ab\u00a0Se souvenir de moi\u00a0\u00bb, votre cookie de connexion sera conserv\u00e9 pendant deux semaines. Si vous vous d\u00e9connectez de votre compte, le cookie de connexion sera effac\u00e9.<!-- \/wp:paragraph --><!-- wp:paragraph --><\/p>\n<p>En modifiant ou en publiant une publication, un cookie suppl\u00e9mentaire sera enregistr\u00e9 dans votre navigateur. Ce cookie ne comprend aucune donn\u00e9e personnelle. Il indique simplement l\u2019ID de la publication que vous venez de modifier. Il expire au bout d\u2019un jour.<!-- \/wp:paragraph --><!-- wp:heading --><\/p>\n<p>Vous pouvez consulter l&rsquo;int\u00e9gralit\u00e9 de la politique de la politique de gestion des cookies <a href=\"https:\/\/tazig.fr\/?page_id=4789\">ici<\/a>.<\/p>\n<p>\u00a0<\/p>\n<h2 class=\"wp-block-heading\">Contenu embarqu\u00e9 depuis d\u2019autres sites<\/h2>\n<p><span style=\"font-size: 1.0625rem;\">Les articles de ce site peuvent inclure des contenus int\u00e9gr\u00e9s (par exemple des vid\u00e9os, images, articles\u2026). Le contenu int\u00e9gr\u00e9 depuis d\u2019autres sites se comporte de la m\u00eame mani\u00e8re que si le visiteur se rendait sur cet autre site.<\/span><!-- \/wp:paragraph --><!-- wp:paragraph --><\/p>\n<p>Ces sites web pourraient collecter des donn\u00e9es sur vous, utiliser des cookies, embarquer des outils de suivis tiers, suivre vos interactions avec ces contenus embarqu\u00e9s si vous disposez d\u2019un compte connect\u00e9 sur leur site web.<!-- \/wp:paragraph --><!-- wp:heading --><\/p>\n<h2>Statistiques et mesures d\u2019audience<\/h2>\n<p>Nous utilisons l&rsquo;extension WP Statistics pour analyser le trafic sur notre site web. WP Statistics stocke ses donn\u00e9es sur notre serveur et ne les transmet \u00e0 aucun tiers. Vous trouverez ci-dessous la description des informations collect\u00e9es par WP Statistics, les raisons de cette collecte et la mani\u00e8re dont elles sont trait\u00e9es. Pour toute question ou pr\u00e9occupation concernant nos pratiques d&rsquo;analyse, veuillez nous contacter ou consulter le guide de confidentialit\u00e9 des donn\u00e9es de WP Statistics.<br \/>Nous stockons les adresses IP des visiteurs d&rsquo;une mani\u00e8re qui peut permettre de les identifier. Plus pr\u00e9cis\u00e9ment :<br \/>Collecte des donn\u00e9es IP : Votre adresse IP est enregistr\u00e9e avec vos visites de pages, ce qui peut parfois permettre d&rsquo;estimer votre localisation (pays, ville).<br \/>Pourquoi nous stockons les adresses IP : Cela nous aide \u00e0 d\u00e9tecter les visites uniques, \u00e0 identifier les \u00e9ventuels abus ou probl\u00e8mes de s\u00e9curit\u00e9 et \u00e0 recueillir des donn\u00e9es de trafic pr\u00e9cises.<br \/>Protection des donn\u00e9es : Nous conservons les enregistrements IP sur notre propre serveur, s\u00e9curis\u00e9 et accessible uniquement au personnel autoris\u00e9. Nous ne les partageons pas, sauf si la loi l\u2019exige.<br \/>Consid\u00e9rations relatives \u00e0 la protection des donn\u00e9es : Les adresses IP \u00e9tant consid\u00e9r\u00e9es.<\/p>\n<p>\u00a0<\/p>\n<h2 class=\"wp-block-heading\">Utilisation et transmission de vos donn\u00e9es personnelles<\/h2>\n<p>Si vous demandez une r\u00e9initialisation de votre mot de passe, votre adresse IP sera incluse dans l\u2019e-mail de r\u00e9initialisation.<!-- \/wp:paragraph --><!-- wp:heading --><\/p>\n<p>\u00a0<\/p>\n<h2 class=\"wp-block-heading\">Dur\u00e9es de stockage de vos donn\u00e9es<\/h2>\n<p>Si vous laissez un commentaire, le commentaire et ses m\u00e9tadonn\u00e9es sont conserv\u00e9s ind\u00e9finiment. Cela permet de reconna\u00eetre et approuver automatiquement les commentaires suivants au lieu de les laisser dans la file de mod\u00e9ration.<!-- \/wp:paragraph --><!-- wp:paragraph --><\/p>\n<p>Pour les comptes qui s\u2019inscrivent sur notre site (le cas \u00e9ch\u00e9ant), nous stockons \u00e9galement les donn\u00e9es personnelles indiqu\u00e9es dans leur profil. Tous les comptes peuvent voir, modifier ou supprimer leurs informations personnelles \u00e0 tout moment (\u00e0 l\u2019exception de leur identifiant). Les gestionnaires du site peuvent aussi voir et modifier ces informations.<\/p>\n<p><!-- \/wp:paragraph --><br \/><!-- wp:heading --><\/p>\n<h2 class=\"wp-block-heading\">Les droits que vous avez sur vos donn\u00e9es<\/h2>\n<p>Si vous avez un compte ou si vous avez laiss\u00e9 des commentaires sur le site, vous pouvez demander \u00e0 recevoir un fichier contenant toutes les donn\u00e9es personnelles que nous poss\u00e9dons \u00e0 votre sujet, incluant celles que vous nous avez fournies. Vous pouvez \u00e9galement demander la suppression des donn\u00e9es personnelles vous concernant. Cela ne prend pas en compte les donn\u00e9es stock\u00e9es \u00e0 des fins administratives, l\u00e9gales ou pour des raisons de s\u00e9curit\u00e9.<\/p>\n<p>\u00a0<\/p>\n<h2 class=\"wp-block-heading\">O\u00f9 vos donn\u00e9es sont envoy\u00e9es<\/h2>\n<p>Les commentaires des visiteurs peuvent \u00eatre v\u00e9rifi\u00e9s \u00e0 l\u2019aide d\u2019un service automatis\u00e9 de d\u00e9tection des commentaires ind\u00e9sirables.<\/p>\n<p>\u00a0<\/p>\n<h2>Proc\u00e9dures mises en \u0153uvre en cas de fuite de donn\u00e9es<\/h2>\n<p>Si nous constatons une faille de s\u00e9curit\u00e9 dans le traitement de vos donn\u00e9es susceptibles d\u2019entra\u00eener un risque \u00e9lev\u00e9 pour vos droits et libert\u00e9s, nous vous en informerons dans les meilleurs d\u00e9lais. Nous vous d\u00e9taillerons \u00e0 cette occasion la nature de la violation rencontr\u00e9e et les mesures mise en place pour y mettre un terme.<\/p>\n<h2>\u00a0<\/h2>\n<h2>Modification<\/h2>\n<p>Nous nous r\u00e9servons le droit, \u00e0 notre seule discr\u00e9tion, de modifier \u00e0 tout moment la pr\u00e9sente politique, en totalit\u00e9 ou en partie. Ces modifications entreront en vigueur \u00e0 compter de la publication de la nouvelle politique qui vous sera notifi\u00e9e par tout moyen jug\u00e9 utile.<\/p>\n<h2>\u00a0Entr\u00e9e en vigueur<\/h2>\n<p>La pr\u00e9sente charte est entr\u00e9e en vigueur au 01\/01\/2026.\u00a0<\/p>\n<p><!-- \/wp:paragraph --><\/p>\t\t\t\t\t\t\t\t<\/div>\n\t\t\t\t<\/div>\n\t\t\t\t\t<\/div>\n\t\t\t\t<\/div>\n\t\t\t\t<\/div>\n\t\t","protected":false},"excerpt":{"rendered":"<p>Qui sommes-nous\u00a0? Le site https:\/\/tazig.fr est la propri\u00e9t\u00e9 de l\u2019Association Tazig Samten Ling (Association Loi 101 N\u00b0 W 343017349).Le responsable d\u2019\u00e9dition et de gestion du site est Madame Karima Ouldali en qualit\u00e9 de Pr\u00e9sidente de l\u2019Association Tazig Samten Ling.Les coordonn\u00e9es de contact sont les suivantes :Adresse Postale : 17 Rue des Lauriers Roses, 34070 MONTPELLIERNum\u00e9ro de t\u00e9l\u00e9phone : +337 83 38 96 89Courriel : presidence@tazig.fr[&#8230;]<\/p>\n","protected":false},"author":1,"featured_media":0,"parent":3826,"menu_order":2,"comment_status":"closed","ping_status":"closed","template":"elementor_canvas","meta":{"_uag_custom_page_level_css":"","footnotes":""},"class_list":["post-4708","page","type-page","status-publish","hentry"],"uagb_featured_image_src":{"full":false,"thumbnail":false,"medium":false,"medium_large":false,"large":false,"1536x1536":false,"2048x2048":false,"post-thumbnail":false,"poseidon-header-image":false,"poseidon-thumbnail-small":false,"poseidon-thumbnail-medium":false,"poseidon-thumbnail-large":false,"poseidon-thumbnail-single":false},"uagb_author_info":{"display_name":"Mandesha","author_link":"https:\/\/tazig.fr\/index.php\/author\/mandesha\/"},"uagb_comment_info":0,"uagb_excerpt":"Qui sommes-nous\u00a0? Le site https:\/\/tazig.fr est la propri\u00e9t\u00e9 de l\u2019Association Tazig Samten Ling (Association Loi 101 N\u00b0 W 343017349).Le responsable d\u2019\u00e9dition et de gestion du site est Madame Karima Ouldali en qualit\u00e9 de Pr\u00e9sidente de l\u2019Association Tazig Samten Ling.Les coordonn\u00e9es de contact sont les suivantes :Adresse Postale : 17 Rue des Lauriers Roses, 34070 MONTPELLIERNum\u00e9ro\u2026","_links":{"self":[{"href":"https:\/\/tazig.fr\/index.php\/wp-json\/wp\/v2\/pages\/4708","targetHints":{"allow":["GET"]}}],"collection":[{"href":"https:\/\/tazig.fr\/index.php\/wp-json\/wp\/v2\/pages"}],"about":[{"href":"https:\/\/tazig.fr\/index.php\/wp-json\/wp\/v2\/types\/page"}],"author":[{"embeddable":true,"href":"https:\/\/tazig.fr\/index.php\/wp-json\/wp\/v2\/users\/1"}],"replies":[{"embeddable":true,"href":"https:\/\/tazig.fr\/index.php\/wp-json\/wp\/v2\/comments?post=4708"}],"version-history":[{"count":45,"href":"https:\/\/tazig.fr\/index.php\/wp-json\/wp\/v2\/pages\/4708\/revisions"}],"predecessor-version":[{"id":4896,"href":"https:\/\/tazig.fr\/index.php\/wp-json\/wp\/v2\/pages\/4708\/revisions\/4896"}],"up":[{"embeddable":true,"href":"https:\/\/tazig.fr\/index.php\/wp-json\/wp\/v2\/pages\/3826"}],"wp:attachment":[{"href":"https:\/\/tazig.fr\/index.php\/wp-json\/wp\/v2\/media?parent=4708"}],"curies":[{"name":"wp","href":"https:\/\/api.w.org\/{rel}","templated":true}]}}