{"id":409,"date":"2017-08-19T18:55:10","date_gmt":"2017-08-19T16:55:10","guid":{"rendered":"http:\/\/tazigsamtenling.org\/?page_id=409"},"modified":"2018-01-18T20:14:13","modified_gmt":"2018-01-18T18:14:13","slug":"concerts-sacred-chants","status":"publish","type":"page","link":"https:\/\/tazig.fr\/index.php\/en\/concerts-sacred-chants\/","title":{"rendered":"Concerts \/ Sacred chants"},"content":{"rendered":"<p style=\"text-align: justify;\"><strong><img fetchpriority=\"high\" decoding=\"async\" class=\"size-large wp-image-911 alignleft\" src=\"https:\/\/tazig.fr\/wp-content\/uploads\/2017\/08\/2018-02-Concert-Arles-25-300.jpg\" alt=\"\" width=\"300\" height=\"437\" srcset=\"https:\/\/tazig.fr\/wp-content\/uploads\/2017\/08\/2018-02-Concert-Arles-25-300.jpg 300w, https:\/\/tazig.fr\/wp-content\/uploads\/2017\/08\/2018-02-Concert-Arles-25-300-206x300.jpg 206w\" sizes=\"(max-width: 300px) 100vw, 300px\" \/>ARLES (13) &#8211;<\/strong> Sunday, Febuary, 25th, 2018: Concert\u00a0<em>\u00a0<\/em>\u00ab\u00a0Tibetan sacred chants\u00a0\u00bb. Place : 7 bis Place Patrat &#8211; 13 200 Arles. ; 1st floor \u00ab\u00a0la Roquette\u00a0\u00bb.\u00a0<strong>Limited places \u2013 Registration by reservation<\/strong><strong>: (+33) 6 85 96 40 61 (Lanya)<\/strong><\/p>\n<p><strong>MONTPELLIER (34) &#8211;<\/strong> Tuesday, November, 14th, 2017\u00a0&#8211; Concert\u00a0<em>\u00a0<\/em>\u00ab\u00a0Tibetan sacred chants\u00a0\u00bb. Centre Tazig Samten Ling, 22, rue de la R\u00e9publique &#8211; 34000 Montpellier. 10 \u20ac.\u00a0<strong>Limited places \u2013 Registration by reservation at\u00a0<\/strong><a href=\"mailto:takzigsamtenling@gmail.com\"><strong>takzigsamtenling@gmail.com<\/strong><\/a><strong> or<\/strong><strong> by\u00a0phone : (+33) 783 38 96 89.<\/strong><\/p>\n<p><img decoding=\"async\" class=\"aligncenter wp-image-579\" src=\"https:\/\/tazig.fr\/wp-content\/uploads\/2017\/08\/affiche-concert-2-1-724x1024.jpg\" alt=\"\" width=\"493\" height=\"697\" srcset=\"https:\/\/tazig.fr\/wp-content\/uploads\/2017\/08\/affiche-concert-2-1-724x1024.jpg 724w, https:\/\/tazig.fr\/wp-content\/uploads\/2017\/08\/affiche-concert-2-1-212x300.jpg 212w, https:\/\/tazig.fr\/wp-content\/uploads\/2017\/08\/affiche-concert-2-1-768x1086.jpg 768w\" sizes=\"(max-width: 493px) 100vw, 493px\" \/><\/p>\n<p style=\"text-align: justify;\"><strong>LAURIS (84 &#8211; proche Aix-en-Provence \/ Salon de Provence) &#8211;<\/strong> Friday, October 20, 2017 &#8211; 7 PM &#8211; Concert of Tibetan sacred chants.\u00a0Le Grand Jardin d&rsquo;Elisabeth &#8211; 95, avenue de la Gare &#8211; Lauris. \u20ac10.<\/p>\n<p><img decoding=\"async\" class=\"aligncenter size-full wp-image-290\" src=\"http:\/\/tazigsamtenling.org\/wp-content\/uploads\/2017\/08\/affiche-concert-30-juin-2017-%C3%A0-Montpellier-source-FB.jpg\" sizes=\"(max-width: 493px) 100vw, 493px\" srcset=\"http:\/\/tazigsamtenling.org\/wp-content\/uploads\/2017\/08\/affiche-concert-30-juin-2017-\u00e0-Montpellier-source-FB.jpg 493w, http:\/\/tazigsamtenling.org\/wp-content\/uploads\/2017\/08\/affiche-concert-30-juin-2017-\u00e0-Montpellier-source-FB-205x300.jpg 205w\" alt=\"\" width=\"493\" height=\"720\" \/><\/p>\n<p><strong>MONTPELLIER &#8211;<\/strong>\u00a0Friday, June 30, 2017 &#8211; Concert\u00a0<em>\u00a0<\/em>\u00ab\u00a0Tibetan sacred chants\u00a0\u00bb.<\/p>\n<p><img loading=\"lazy\" decoding=\"async\" class=\"aligncenter size-full wp-image-291\" src=\"http:\/\/tazigsamtenling.org\/wp-content\/uploads\/2017\/08\/REKA-ABOUT.jpg\" sizes=\"(max-width: 940px) 100vw, 940px\" srcset=\"http:\/\/tazigsamtenling.org\/wp-content\/uploads\/2017\/08\/REKA-ABOUT.jpg 940w, http:\/\/tazigsamtenling.org\/wp-content\/uploads\/2017\/08\/REKA-ABOUT-300x118.jpg 300w, http:\/\/tazigsamtenling.org\/wp-content\/uploads\/2017\/08\/REKA-ABOUT-768x302.jpg 768w\" alt=\"\" width=\"940\" height=\"370\" \/><\/p>\n<p style=\"text-align: justify;\"><strong>ITALY &#8211;\u00a0<\/strong>\u00a0<strong>Milan &#8211;<\/strong>\u00a01st October 2016: Participation in\u00a0\u00a0<a href=\"https:\/\/www.facebook.com\/rekare2016\/\">the monumental project Reka V2<\/a>\u00a0, by Yuval Avital.\u00a0<a href=\"http:\/\/www.yuvalavital.com\/about-reka\">Official site.<\/a><\/p>\n<p><img loading=\"lazy\" decoding=\"async\" class=\"alignleft wp-image-347 size-medium\" src=\"http:\/\/tazigsamtenling.org\/wp-content\/uploads\/2017\/08\/01-blog-working-with-lama-300x201.jpg\" sizes=\"(max-width: 300px) 100vw, 300px\" srcset=\"http:\/\/tazigsamtenling.org\/wp-content\/uploads\/2017\/08\/01-blog-working-with-lama-300x201.jpg 300w, http:\/\/tazigsamtenling.org\/wp-content\/uploads\/2017\/08\/01-blog-working-with-lama-120x80.jpg 120w, http:\/\/tazigsamtenling.org\/wp-content\/uploads\/2017\/08\/01-blog-working-with-lama-360x240.jpg 360w, http:\/\/tazigsamtenling.org\/wp-content\/uploads\/2017\/08\/01-blog-working-with-lama.jpg 450w\" alt=\"\" width=\"300\" height=\"201\" \/><\/p>\n<div class=\"itemIntroText\">\n<p style=\"text-align: justify;\"><a href=\"http:\/\/www.yuvalavital.com\/blog\/item\/1-reka-blog-2\"><strong>Working with a LAMA, by Yval Avital<\/strong><\/a><br \/>\nLama Samten Yeshe Rinpoche is around my age.\u00a0He was born in a small village in Tibet and from the age of 8 had entered the B\u00f6n Buddhism as a monk.\u00a0He studied with great masters, and also had been the master of 400 priests in a temple.\u00a0He holds a Doctor in Philosophy and is a teacher of the sacred masks dance of the B\u00f6n tradition.\u00a0Now he is based in Paris and travels all around Europe to teach meditation and philosophy.\u00a0I meet Lama Samten in the apartment of Judith, his assistant and a new dear friend of mine.\u00a0In 2 minutes we become friends.\u00a0He tells us that he will give his money for the concerts of his people.\u00a0It is important for him to explain his motivation for the project,<\/p>\n<p><img loading=\"lazy\" decoding=\"async\" class=\"aligncenter size-full wp-image-349\" src=\"http:\/\/tazigsamtenling.org\/wp-content\/uploads\/2017\/08\/REKA-banner_give_your_voice.jpg\" sizes=\"(max-width: 940px) 100vw, 940px\" srcset=\"http:\/\/tazigsamtenling.org\/wp-content\/uploads\/2017\/08\/REKA-banner_give_your_voice.jpg 940w, http:\/\/tazigsamtenling.org\/wp-content\/uploads\/2017\/08\/REKA-banner_give_your_voice-300x118.jpg 300w, http:\/\/tazigsamtenling.org\/wp-content\/uploads\/2017\/08\/REKA-banner_give_your_voice-768x302.jpg 768w\" alt=\"\" width=\"940\" height=\"370\" \/><\/p>\n<\/div>\n<div class=\"itemFullText\">\n<p style=\"text-align: justify;\">We jump into the work.\u00a0Lama Samten smiles when he sees different B\u00f6n mantras, musical instruments and mudras within the musical score.\u00a0His part is being filled up with notes in Tibetan and French.\u00a0I am amazed how quick it reacts to the graphic and textual indications.\u00a0After we finish the first rehearsal in Paris, we go &#8211; Lama and me for a coffee in the corner.\u00a0I have my coffee n.10 of the day and the Lama have juice.\u00a0We speak about our families, politics and people.\u00a0Just like friends do.<\/p>\n<p><img loading=\"lazy\" decoding=\"async\" class=\"alignleft wp-image-348 size-medium\" src=\"http:\/\/tazigsamtenling.org\/wp-content\/uploads\/2017\/08\/lama-fingers-web-300x201.jpg\" sizes=\"(max-width: 300px) 100vw, 300px\" srcset=\"http:\/\/tazigsamtenling.org\/wp-content\/uploads\/2017\/08\/lama-fingers-web-300x201.jpg 300w, http:\/\/tazigsamtenling.org\/wp-content\/uploads\/2017\/08\/lama-fingers-web-120x80.jpg 120w, http:\/\/tazigsamtenling.org\/wp-content\/uploads\/2017\/08\/lama-fingers-web-360x240.jpg 360w, http:\/\/tazigsamtenling.org\/wp-content\/uploads\/2017\/08\/lama-fingers-web.jpg 450w\" alt=\"\" width=\"300\" height=\"201\" \/><\/p>\n<\/div>\n<div class=\"itemIntroText\">\n<p style=\"text-align: justify;\">The mantras, mandalas, chants, prayers, rituals of cleaning the karma, breathing meditations are anchored in the voice.\u00a0The human voice is a vessel in which the B\u00f6n priests are putting verbal and non-verbal metaphysic meanings of their beliefs regarding the essential functions of their reality.<\/p>\n<p style=\"text-align: justify;\">It is interesting to reflect on the use of vocals in the B\u00f6n culture and in Buddhism in general, in comparison to the musical use of \u00a0\u00bb\u00a0\u00a0<em>Amen<\/em>\u00a0\u00a0\u00a0\u00bb in the European Cristian liturgy &#8211; while both carry a function of a meditative word (even though That in Hebew the word \u00a0\u00bb\u00a0\u00a0<em>Amen<\/em>\u00a0\u00a0\u00a0\u00bb carry Many meanings Deriving from ict root\u00a0\u00a0<em>AMAN<\/em>\u00a0\u00a0&#8211; qui Could hint art, practice, faith, artist) the Catholic tradition uses ict AMEN Either have a closing pattern (music all parameters go down) or As a rich base of musical movement and decoration (\u00a0<em>Melisma<\/em>\u00a0In musical terms), the vocals demostrated by Lama Samten are a representation of the constant, the invariable, the eternal.\u00a0Opposing this difference &#8211; gold complimentary relationship if you wish &#8211; makes me think of the great debate entre\u00a0\u00a0<strong>Heraclitus of Ephesus<\/strong>\u00a0\u00a0and\u00a0\u00a0<strong>Parmenides of Elea<\/strong>\u00a0:<\/p>\n<\/div>\n<div class=\"itemFullText\">\n<p style=\"text-align: justify;\">The first sustaining that all is movement (\u00a0<span lang=\"grc\">\u03a0\u03ac\u03bd\u03c4\u03b1 \u1fe5\u03b5\u1fd6<\/span>\u00a0\u00a0&#8211; \u00a0\u00bb\u00a0\u00a0<em>everything flows<\/em>\u00a0\u00ab\u00a0);\u00a0The second negating the existence of difference, time, movement (and distinguishing between our perception of movement \u00a0\u00bb\u00a0\u00a0<em>the way of phenomena<\/em>\u00a0\u00a0\u00a0\u00bb and its static timeless truth \u00a0\u00bb\u00a0\u00a0<em>the way of the Logos<\/em>\u00a0\u00ab\u00a0).<\/p>\n<p style=\"text-align: justify;\">I think that in the Buddhism of B\u00f6n there are both of these constant &#8211; the invariable of the vocal mantras and mudras, and the constant instability of its drums sudden\u00a0\u00a0<em>accelerando<\/em>\u00a0\u00a0or\u00a0\u00a0<em>rubato<\/em>\u00a0.<\/p>\n<p>I can not wait to hear these elements together with the CROWD part and the rest of the soloists.<\/p>\n<\/div>\n<p><img loading=\"lazy\" decoding=\"async\" class=\"aligncenter size-large wp-image-292\" src=\"http:\/\/tazigsamtenling.org\/wp-content\/uploads\/2017\/08\/Lama-Samten-Yeshe-Milan-2016-Affiche-723x1024.jpg\" sizes=\"(max-width: 723px) 100vw, 723px\" srcset=\"http:\/\/tazigsamtenling.org\/wp-content\/uploads\/2017\/08\/Lama-Samten-Yeshe-Milan-2016-Affiche-723x1024.jpg 723w, http:\/\/tazigsamtenling.org\/wp-content\/uploads\/2017\/08\/Lama-Samten-Yeshe-Milan-2016-Affiche-212x300.jpg 212w, http:\/\/tazigsamtenling.org\/wp-content\/uploads\/2017\/08\/Lama-Samten-Yeshe-Milan-2016-Affiche-768x1087.jpg 768w, http:\/\/tazigsamtenling.org\/wp-content\/uploads\/2017\/08\/Lama-Samten-Yeshe-Milan-2016-Affiche.jpg 1239w\" alt=\"\" width=\"723\" height=\"1024\" \/><\/p>\n<p style=\"text-align: justify;\"><strong><img loading=\"lazy\" decoding=\"async\" class=\"alignright size-full wp-image-721\" src=\"https:\/\/tazig.fr\/wp-content\/uploads\/2017\/08\/Source-Tazig-mail-invers\u00e9e.jpg\" alt=\"\" width=\"800\" height=\"450\" srcset=\"https:\/\/tazig.fr\/wp-content\/uploads\/2017\/08\/Source-Tazig-mail-invers\u00e9e.jpg 800w, https:\/\/tazig.fr\/wp-content\/uploads\/2017\/08\/Source-Tazig-mail-invers\u00e9e-300x169.jpg 300w, https:\/\/tazig.fr\/wp-content\/uploads\/2017\/08\/Source-Tazig-mail-invers\u00e9e-768x432.jpg 768w\" sizes=\"(max-width: 800px) 100vw, 800px\" \/><\/strong><\/p>\n<p>&nbsp;<\/p>\n<p style=\"text-align: justify;\"><strong>LE VIGAN &#8211;<\/strong>\u00a0Saturday, October 3, 2015 &#8211; Concert of Tibetan sacred chants, Salle Lucie Aubrac &#8211; Le Vigan.\u00a0Contact:\u00a0\u00a0<a href=\"mailto:info-rogues@tazigsamtenling.org\">info-rogues@tazigsamtenling.org<\/a>\u00a0.\u00a0Tel: 06\u00a0<b><\/b>95 05 66 45.<\/p>\n<p><img loading=\"lazy\" decoding=\"async\" class=\"aligncenter wp-image-256\" src=\"http:\/\/tazigsamtenling.org\/wp-content\/uploads\/2017\/08\/CD-0-couv-1022x1024.jpg\" sizes=\"(max-width: 600px) 100vw, 600px\" srcset=\"http:\/\/tazigsamtenling.org\/wp-content\/uploads\/2017\/08\/CD-0-couv-1022x1024.jpg 1022w, http:\/\/tazigsamtenling.org\/wp-content\/uploads\/2017\/08\/CD-0-couv-150x150.jpg 150w, http:\/\/tazigsamtenling.org\/wp-content\/uploads\/2017\/08\/CD-0-couv-300x300.jpg 300w, http:\/\/tazigsamtenling.org\/wp-content\/uploads\/2017\/08\/CD-0-couv-768x770.jpg 768w, http:\/\/tazigsamtenling.org\/wp-content\/uploads\/2017\/08\/CD-0-couv.jpg 1500w\" alt=\"\" width=\"600\" height=\"601\" \/><\/p>\n<p style=\"text-align: justify;\"><strong>PARIS &#8211; 2015 &#8211;<\/strong>\u00a0Recording of the first\u00a0<a href=\"http:\/\/tazigsamtenling.org\/index.php\/adhesions-boutique\/\">CD of Traditional Chants of Buddhism B\u00f6n du Tibet\u00a0<\/a>\u00a0:\u00a0<em>Chants du Ng\u00f6ndro.\u00a0On the path of wisdom<\/em>\u00a0, by Lama Samten Yesh\u00e9 Rinpoche.<\/p>\n<p><img loading=\"lazy\" decoding=\"async\" class=\"aligncenter size-full wp-image-296\" src=\"http:\/\/tazigsamtenling.org\/wp-content\/uploads\/2017\/08\/REKA-0.jpg\" sizes=\"(max-width: 700px) 100vw, 700px\" srcset=\"http:\/\/tazigsamtenling.org\/wp-content\/uploads\/2017\/08\/REKA-0.jpg 700w, http:\/\/tazigsamtenling.org\/wp-content\/uploads\/2017\/08\/REKA-0-300x200.jpg 300w, http:\/\/tazigsamtenling.org\/wp-content\/uploads\/2017\/08\/REKA-0-120x80.jpg 120w, http:\/\/tazigsamtenling.org\/wp-content\/uploads\/2017\/08\/REKA-0-360x240.jpg 360w, http:\/\/tazigsamtenling.org\/wp-content\/uploads\/2017\/08\/REKA-0-600x400.jpg 600w\" alt=\"\" width=\"700\" height=\"467\" \/><\/p>\n<p style=\"text-align: justify;\"><strong>MILAN &#8211; 2014 &#8211;<\/strong>\u00a0Participation in\u00a0<a href=\"http:\/\/www.yuvalavital.com\/about-reka\">the Reka project<\/a>\u00a0, by Yuval Avital.\u00a0Reka is a rare sonorous experience, including six exceptional soloists of rare ancient vocal traditions, from a Tibetan B\u00f6n lama to the guttural tenors of Sardinian songs, two virtuoso percussionists playing a complex set of gongs alongside A concert piano;\u00a0An enormous vocal \u00ab\u00a0crowd\u00a0\u00bb formed by a heterogeneous group of participants without the need for prior musical knowledge &#8211; composed of the residents of the city in which the concerts take place, guided by coded gestures of the conductor and a \u00ab\u00a0user friendly\u00a0\u00bb interpretor of the graphical and verbal score.\u00a0All these, coordinated simultaneously on the stage by two conductors.<\/p>\n<p><img loading=\"lazy\" decoding=\"async\" class=\"aligncenter size-full wp-image-301\" src=\"http:\/\/tazigsamtenling.org\/wp-content\/uploads\/2017\/08\/REKA-2014-Varsovie-2b.jpg\" sizes=\"(max-width: 716px) 100vw, 716px\" srcset=\"http:\/\/tazigsamtenling.org\/wp-content\/uploads\/2017\/08\/REKA-2014-Varsovie-2b.jpg 716w, http:\/\/tazigsamtenling.org\/wp-content\/uploads\/2017\/08\/REKA-2014-Varsovie-2b-300x208.jpg 300w\" alt=\"\" width=\"716\" height=\"496\" \/><\/p>\n<p style=\"text-align: justify;\"><strong>WARSAW &#8211; 2014 &#8211;<\/strong>\u00a0\u00a0Participation in\u00a0<a href=\"http:\/\/www.yuvalavital.com\/about-reka\">the Reka project<\/a>\u00a0, by Yuval Avital.\u00a0Reka is a rare sonorous experience, including six exceptional soloists of rare ancient vocal traditions, from a Tibetan B\u00f6n lama to the guttural tenors of Sardinian songs, two virtuoso percussionists playing a complex set of gongs alongside A concert piano;\u00a0An enormous vocal \u00ab\u00a0crowd\u00a0\u00bb formed by a heterogeneous group of participants without the need for previous musical knowledge &#8211; composed of the residents of the city in which the concerts take place, guided by coded gestures of the conductor and a \u00ab\u00a0user friendly\u00a0\u00bb interpretor the graphical &amp; verbal score.\u00a0All these, coordinated simultaneously on the stage by two conductors.<\/p>\n<p><img loading=\"lazy\" decoding=\"async\" class=\"aligncenter size-full wp-image-298\" src=\"http:\/\/tazigsamtenling.org\/wp-content\/uploads\/2017\/08\/REKA-2014-Varsovie-4.jpg\" sizes=\"(max-width: 800px) 100vw, 800px\" srcset=\"http:\/\/tazigsamtenling.org\/wp-content\/uploads\/2017\/08\/REKA-2014-Varsovie-4.jpg 800w, http:\/\/tazigsamtenling.org\/wp-content\/uploads\/2017\/08\/REKA-2014-Varsovie-4-300x200.jpg 300w, http:\/\/tazigsamtenling.org\/wp-content\/uploads\/2017\/08\/REKA-2014-Varsovie-4-768x512.jpg 768w, http:\/\/tazigsamtenling.org\/wp-content\/uploads\/2017\/08\/REKA-2014-Varsovie-4-120x80.jpg 120w, http:\/\/tazigsamtenling.org\/wp-content\/uploads\/2017\/08\/REKA-2014-Varsovie-4-360x240.jpg 360w, http:\/\/tazigsamtenling.org\/wp-content\/uploads\/2017\/08\/REKA-2014-Varsovie-4-600x400.jpg 600w\" alt=\"\" width=\"800\" height=\"533\" \/><\/p>\n<p><img loading=\"lazy\" decoding=\"async\" class=\"aligncenter wp-image-345\" src=\"http:\/\/tazigsamtenling.org\/wp-content\/uploads\/2017\/08\/REKA-Pr%C3%A9sentation-des-artistes-1024x815.jpg\" sizes=\"(max-width: 600px) 100vw, 600px\" srcset=\"http:\/\/tazigsamtenling.org\/wp-content\/uploads\/2017\/08\/REKA-Pr\u00e9sentation-des-artistes-1024x815.jpg 1024w, http:\/\/tazigsamtenling.org\/wp-content\/uploads\/2017\/08\/REKA-Pr\u00e9sentation-des-artistes-300x239.jpg 300w, http:\/\/tazigsamtenling.org\/wp-content\/uploads\/2017\/08\/REKA-Pr\u00e9sentation-des-artistes-768x611.jpg 768w, http:\/\/tazigsamtenling.org\/wp-content\/uploads\/2017\/08\/REKA-Pr\u00e9sentation-des-artistes.jpg 1500w\" alt=\"\" width=\"600\" height=\"478\" \/><\/p>\n<p style=\"text-align: justify;\"><strong>Presentation of the artists:<\/strong>\u00a0Lama Samten Yeshe Rinpoche \u00e8 nato nella regione del Kham, nel East Tibet.\u00a0All&rsquo;et\u00e0 di nove anni prise i voti monastici e inizia a dedicarsi allo studio del buddismo Rime con molti grandi maestri provenienti dalle cinque scuole di buddismo tibetano.\u00a0Poi, per 16 anni studia e pratica he buddismo B\u00f6n (the pi\u00f9 antica tradizione del buddismo tibetano).\u00a0He is a great privilegio di ricevere molti insegnamenti diretti of HH Menri Trizin Rinpoche, he is the spiritual leader of the lignaggio B\u00f6n Yungdrung, not inscribed in HE Yongdzin Namdak Tenzin Rinpoche and Menri Ponlop Rinpoche.\u00a0A concatto con tali personalit\u00e0 ha modo di ampliare the spiritual conoscenza and the pratica del B\u00f6n Sutra, Tantra e Dzogchen.\u00a0Studia poi diversi aspetti della tradizione spiritual B\u00f6npo e si perfeziona nel pratiche dello Dzogchen &lsquo;Great Perfezione and del Phowa (trasferimento della coscienza).\u00a0Rinpoche studia anche filosofia and altri temi della cultura tibetana.\u00a0\u00c8 stato presidente and vice-president della Scuola Dialettica B\u00f6n in India e ha educato gli studenti pi\u00f9 giovani nel monastero di Menri.\u00a0Dal 2011 live in Francia e insegna come rifugiato meditazione e Dzogchen yoga occidentali studenti che la sua apprezzano profondamente genuina bont\u00e0 e gioia, great sua conoscenza e la sua capacit\u00e0 di incarnare saggezza e nella vita compassione quotidiana.\u00a0\u00c8, inoltre, membro attivo del movimento Rime, divulgato da Tenzin Rinpoche Wangyal in tutto il mondo.\u00a0\u00c8 stato presidente and vice-president della Scuola Dialettica B\u00f6n in India e ha educato gli studenti pi\u00f9 giovani nel monastero di Menri.\u00a0Dal 2011 live in Francia e insegna come rifugiato meditazione e Dzogchen yoga occidentali studenti che la sua apprezzano profondamente genuina bont\u00e0 e gioia, great sua conoscenza e la sua capacit\u00e0 di incarnare saggezza e nella vita compassione quotidiana.\u00a0\u00c8, inoltre, membro attivo del movimento Rime, divulgato da Tenzin Rinpoche Wangyal in tutto il mondo.\u00a0\u00c8 stato presidente and vice-president della Scuola Dialettica B\u00f6n in India e ha educato gli studenti pi\u00f9 giovani nel monastero di Menri.\u00a0Dal 2011 live in Francia e insegna come rifugiato meditazione e Dzogchen yoga occidentali studenti che la sua apprezzano profondamente genuina bont\u00e0 e gioia, great sua conoscenza e la sua capacit\u00e0 di incarnare saggezza e nella vita compassione quotidiana.\u00a0\u00c8, inoltre, membro attivo del movimento Rime, divulgato da Tenzin Rinpoche Wangyal in tutto il mondo.\u00a0The sua grande conoscenza and the sua capacit\u00e0 di incarnare saggezza e compassione nella vita dailyana.\u00a0\u00c8, inoltre, membro attivo del movimento Rime, divulgato da Tenzin Rinpoche Wangyal in tutto il mondo.\u00a0The sua grande conoscenza and the sua capacit\u00e0 di incarnare saggezza e compassione nella vita dailyana.\u00a0\u00c8, inoltre, membro attivo del movimento Rime, divulgato da Tenzin Rinpoche Wangyal in tutto il mondo.<\/p>\n<p><img loading=\"lazy\" decoding=\"async\" class=\"alignleft wp-image-353 size-medium\" src=\"http:\/\/tazigsamtenling.org\/wp-content\/uploads\/2017\/08\/REKA-2014-Varsovie-300x224.jpg\" sizes=\"(max-width: 300px) 100vw, 300px\" srcset=\"http:\/\/tazigsamtenling.org\/wp-content\/uploads\/2017\/08\/REKA-2014-Varsovie-300x224.jpg 300w, http:\/\/tazigsamtenling.org\/wp-content\/uploads\/2017\/08\/REKA-2014-Varsovie.jpg 526w\" alt=\"\" width=\"300\" height=\"224\" \/><\/p>\n<p><strong>Press review (non-exhaustive):<\/strong><\/p>\n<p><strong><a href=\"http:\/\/www.magaglobalarts.com\/reka\/\">AlmaMater\u00a0<\/a><\/strong><br \/>\n<strong><a href=\"https:\/\/www.francemusique.fr\/emissions\/des-aventures-sonores\/yuval-avital-16533\">France Music\u00a0<\/a><\/strong><br \/>\n<strong><a href=\"http:\/\/www.giornaledellamusica.it\/rol\/?id=4781\">Giornaledellamusica\u00a0<\/a><\/strong><br \/>\n<strong><a href=\"http:\/\/www.ilcorrieremusicale.it\/2014\/09\/18\/reka-composizione-collettiva-transculturale\/\">Ilcorrieremusicale.it\u00a0<\/a><\/strong><br \/>\n<strong><a href=\"http:\/\/www.lagazzettamusicale.it\/anteprime\/mito-settembremusica-yuval-avital-reka\/\">LaGazzettaMusicale\u00a0<\/a><\/strong><br \/>\n<a href=\"http:\/\/culture.pl\/pl\/artykul\/warszawska-jesien-codziennie-na-culturepl-0\"><strong>Warszawska Jesie\u0144 codziennie na Culture.pl<\/strong><\/a><\/p>\n<p>&nbsp;<\/p>\n<p><strong>MAUGUIO &#8211;<\/strong>\u00a0September 2014 &#8211; Concert of Tibetan sacred chants, prayers, mantras.<\/p>\n<p><img loading=\"lazy\" decoding=\"async\" class=\"aligncenter wp-image-316\" src=\"http:\/\/tazigsamtenling.org\/wp-content\/uploads\/2017\/08\/Mauguio.jpg\" sizes=\"(max-width: 600px) 100vw, 600px\" srcset=\"http:\/\/tazigsamtenling.org\/wp-content\/uploads\/2017\/08\/Mauguio.jpg 800w, http:\/\/tazigsamtenling.org\/wp-content\/uploads\/2017\/08\/Mauguio-300x182.jpg 300w, http:\/\/tazigsamtenling.org\/wp-content\/uploads\/2017\/08\/Mauguio-768x467.jpg 768w\" alt=\"\" width=\"600\" height=\"364\" \/><\/p>\n","protected":false},"excerpt":{"rendered":"<p>ARLES (13) &#8211; Sunday, Febuary, 25th, 2018: Concert\u00a0\u00a0\u00ab\u00a0Tibetan sacred chants\u00a0\u00bb. Place : 7 bis Place Patrat &#8211; 13 200 Arles. ; 1st floor \u00ab\u00a0la Roquette\u00a0\u00bb.\u00a0Limited places \u2013 Registration by reservation: (+33) 6 85 96 40 61 (Lanya) MONTPELLIER (34) &#8211; Tuesday, November, 14th, 2017\u00a0&#8211; Concert\u00a0\u00a0\u00ab\u00a0Tibetan sacred chants\u00a0\u00bb. Centre Tazig Samten Ling, 22, rue de la R\u00e9publique &#8211; 34000 Montpellier. 10 \u20ac.\u00a0Limited places \u2013 Registration by[&#8230;]<\/p>\n","protected":false},"author":1,"featured_media":0,"parent":0,"menu_order":0,"comment_status":"closed","ping_status":"closed","template":"","meta":{"_uag_custom_page_level_css":"","footnotes":""},"class_list":["post-409","page","type-page","status-publish","hentry"],"uagb_featured_image_src":{"full":false,"thumbnail":false,"medium":false,"medium_large":false,"large":false,"1536x1536":false,"2048x2048":false,"post-thumbnail":false,"poseidon-header-image":false,"poseidon-thumbnail-small":false,"poseidon-thumbnail-medium":false,"poseidon-thumbnail-large":false,"poseidon-thumbnail-single":false},"uagb_author_info":{"display_name":"Mandesha","author_link":"https:\/\/tazig.fr\/index.php\/author\/mandesha\/"},"uagb_comment_info":0,"uagb_excerpt":"ARLES (13) &#8211; Sunday, Febuary, 25th, 2018: Concert\u00a0\u00a0\u00ab\u00a0Tibetan sacred chants\u00a0\u00bb. Place : 7 bis Place Patrat &#8211; 13 200 Arles. ; 1st floor \u00ab\u00a0la Roquette\u00a0\u00bb.\u00a0Limited places \u2013 Registration by reservation: (+33) 6 85 96 40 61 (Lanya) MONTPELLIER (34) &#8211; Tuesday, November, 14th, 2017\u00a0&#8211; Concert\u00a0\u00a0\u00ab\u00a0Tibetan sacred chants\u00a0\u00bb. Centre Tazig Samten Ling, 22, rue de la\u2026","_links":{"self":[{"href":"https:\/\/tazig.fr\/index.php\/wp-json\/wp\/v2\/pages\/409","targetHints":{"allow":["GET"]}}],"collection":[{"href":"https:\/\/tazig.fr\/index.php\/wp-json\/wp\/v2\/pages"}],"about":[{"href":"https:\/\/tazig.fr\/index.php\/wp-json\/wp\/v2\/types\/page"}],"author":[{"embeddable":true,"href":"https:\/\/tazig.fr\/index.php\/wp-json\/wp\/v2\/users\/1"}],"replies":[{"embeddable":true,"href":"https:\/\/tazig.fr\/index.php\/wp-json\/wp\/v2\/comments?post=409"}],"version-history":[{"count":13,"href":"https:\/\/tazig.fr\/index.php\/wp-json\/wp\/v2\/pages\/409\/revisions"}],"predecessor-version":[{"id":912,"href":"https:\/\/tazig.fr\/index.php\/wp-json\/wp\/v2\/pages\/409\/revisions\/912"}],"wp:attachment":[{"href":"https:\/\/tazig.fr\/index.php\/wp-json\/wp\/v2\/media?parent=409"}],"curies":[{"name":"wp","href":"https:\/\/api.w.org\/{rel}","templated":true}]}}