{"id":2608,"date":"2022-06-30T16:41:48","date_gmt":"2022-06-30T14:41:48","guid":{"rendered":"https:\/\/tazig.fr\/?page_id=2608"},"modified":"2025-07-21T11:46:21","modified_gmt":"2025-07-21T09:46:21","slug":"blog_adelite","status":"publish","type":"page","link":"https:\/\/tazig.fr\/index.php\/blog_adelite\/","title":{"rendered":"Archives"},"content":{"rendered":"\t\t<div data-elementor-type=\"wp-page\" data-elementor-id=\"2608\" class=\"elementor elementor-2608\" data-elementor-post-type=\"page\">\n\t\t\t\t\t\t<section class=\"elementor-section elementor-top-section elementor-element elementor-element-6c2eaece elementor-section-full_width elementor-section-height-default elementor-section-height-default\" data-id=\"6c2eaece\" data-element_type=\"section\">\n\t\t\t\t\t\t<div class=\"elementor-container elementor-column-gap-default\">\n\t\t\t\t\t<div class=\"elementor-column elementor-col-50 elementor-top-column elementor-element elementor-element-71db315f\" data-id=\"71db315f\" data-element_type=\"column\">\n\t\t\t<div class=\"elementor-widget-wrap elementor-element-populated\">\n\t\t\t\t\t\t<div class=\"elementor-element elementor-element-22afdffc elementor-widget elementor-widget-heading\" data-id=\"22afdffc\" data-element_type=\"widget\" data-widget_type=\"heading.default\">\n\t\t\t\t<div class=\"elementor-widget-container\">\n\t\t\t\t\t<h2 class=\"elementor-heading-title elementor-size-default\">A REDECOUVRIR...<\/h2>\t\t\t\t<\/div>\n\t\t\t\t<\/div>\n\t\t\t\t<div class=\"elementor-element elementor-element-270fd141 elementor-widget-divider--view-line elementor-widget elementor-widget-divider\" data-id=\"270fd141\" data-element_type=\"widget\" data-widget_type=\"divider.default\">\n\t\t\t\t<div class=\"elementor-widget-container\">\n\t\t\t\t\t\t\t<div class=\"elementor-divider\">\n\t\t\t<span class=\"elementor-divider-separator\">\n\t\t\t\t\t\t<\/span>\n\t\t<\/div>\n\t\t\t\t\t\t<\/div>\n\t\t\t\t<\/div>\n\t\t\t\t<div class=\"elementor-element elementor-element-68c7a4ca elementor-widget elementor-widget-text-editor\" data-id=\"68c7a4ca\" data-element_type=\"widget\" data-widget_type=\"text-editor.default\">\n\t\t\t\t<div class=\"elementor-widget-container\">\n\t\t\t\t\t\t\t\t\t<p>Agenda des \u00e9v\u00e9nements, retraites, vernissage, expositions&#8230; retrouvez toutes les informations r\u00e9centes concernant l&rsquo;association.<\/p>\t\t\t\t\t\t\t\t<\/div>\n\t\t\t\t<\/div>\n\t\t\t\t<div class=\"elementor-element elementor-element-2b6fea93 elementor-grid-3 elementor-grid-tablet-2 elementor-grid-mobile-1 elementor-posts--thumbnail-top elementor-widget elementor-widget-posts\" data-id=\"2b6fea93\" data-element_type=\"widget\" data-settings=\"{&quot;classic_columns&quot;:&quot;3&quot;,&quot;classic_columns_tablet&quot;:&quot;2&quot;,&quot;classic_columns_mobile&quot;:&quot;1&quot;,&quot;classic_row_gap&quot;:{&quot;unit&quot;:&quot;px&quot;,&quot;size&quot;:35,&quot;sizes&quot;:[]},&quot;classic_row_gap_tablet&quot;:{&quot;unit&quot;:&quot;px&quot;,&quot;size&quot;:&quot;&quot;,&quot;sizes&quot;:[]},&quot;classic_row_gap_mobile&quot;:{&quot;unit&quot;:&quot;px&quot;,&quot;size&quot;:&quot;&quot;,&quot;sizes&quot;:[]}}\" data-widget_type=\"posts.classic\">\n\t\t\t\t<div class=\"elementor-widget-container\">\n\t\t\t\t\t\t\t<div class=\"elementor-posts-container elementor-posts elementor-posts--skin-classic elementor-grid\" role=\"list\">\n\t\t\t\t<article class=\"elementor-post elementor-grid-item post-4846 post type-post status-publish format-standard has-post-thumbnail hentry category-une category-agenda\" role=\"listitem\">\n\t\t\t\t<a class=\"elementor-post__thumbnail__link\" href=\"https:\/\/tazig.fr\/index.php\/2026\/01\/18\/agenda-janvier-a-mars-2026\/\" tabindex=\"-1\" target=&quot;_blank&quot;>\n\t\t\t<div class=\"elementor-post__thumbnail\"><img decoding=\"async\" width=\"202\" height=\"227\" src=\"https:\/\/tazig.fr\/wp-content\/uploads\/2026\/03\/Lama-samten-Meditation-1.jpg\" class=\"attachment-medium size-medium wp-image-4999\" alt=\"\" \/><\/div>\n\t\t<\/a>\n\t\t\t\t<div class=\"elementor-post__text\">\n\t\t\t\t<h3 class=\"elementor-post__title\">\n\t\t\t<a href=\"https:\/\/tazig.fr\/index.php\/2026\/01\/18\/agenda-janvier-a-mars-2026\/\" target=&quot;_blank&quot;>\n\t\t\t\tAgenda Janvier \u00e0 Mars 2026\t\t\t<\/a>\n\t\t<\/h3>\n\t\t\t\t<div class=\"elementor-post__meta-data\">\n\t\t\t\t\t<span class=\"elementor-post-author\">\n\t\t\tMandesha\t\t<\/span>\n\t\t\t\t<span class=\"elementor-post-date\">\n\t\t\t18 janvier 2026\t\t<\/span>\n\t\t\t\t<\/div>\n\t\t\t\t<div class=\"elementor-post__excerpt\">\n\t\t\t<p>Lama Samten Y\u00e9sh\u00e9 Rinpoch\u00e9, ainsi que toute l&rsquo;\u00e9quipe des organisateurs de l&rsquo;Association Tazig Samten Ling,<\/p>\n\t\t<\/div>\n\t\t\n\t\t<a class=\"elementor-post__read-more\" href=\"https:\/\/tazig.fr\/index.php\/2026\/01\/18\/agenda-janvier-a-mars-2026\/\" aria-label=\"En savoir plus sur Agenda Janvier \u00e0 Mars 2026\" tabindex=\"-1\" target=\"_blank\">\n\t\t\tLire la suite\t\t<\/a>\n\n\t\t\t\t<\/div>\n\t\t\t\t<\/article>\n\t\t\t\t<article class=\"elementor-post elementor-grid-item post-4611 post type-post status-publish format-standard has-post-thumbnail hentry category-une category-agenda\" role=\"listitem\">\n\t\t\t\t<a class=\"elementor-post__thumbnail__link\" href=\"https:\/\/tazig.fr\/index.php\/2025\/09\/10\/agenda-septembre-a-decembre-2025\/\" tabindex=\"-1\" target=&quot;_blank&quot;>\n\t\t\t<div class=\"elementor-post__thumbnail\"><img fetchpriority=\"high\" decoding=\"async\" width=\"260\" height=\"300\" src=\"https:\/\/tazig.fr\/wp-content\/uploads\/2024\/01\/Mandala_Lamala_2-260x300.jpg\" class=\"attachment-medium size-medium wp-image-3353\" alt=\"\" srcset=\"https:\/\/tazig.fr\/wp-content\/uploads\/2024\/01\/Mandala_Lamala_2-260x300.jpg 260w, https:\/\/tazig.fr\/wp-content\/uploads\/2024\/01\/Mandala_Lamala_2-888x1024.jpg 888w, https:\/\/tazig.fr\/wp-content\/uploads\/2024\/01\/Mandala_Lamala_2-768x885.jpg 768w, https:\/\/tazig.fr\/wp-content\/uploads\/2024\/01\/Mandala_Lamala_2.jpg 1072w\" sizes=\"(max-width: 260px) 100vw, 260px\" \/><\/div>\n\t\t<\/a>\n\t\t\t\t<div class=\"elementor-post__text\">\n\t\t\t\t<h3 class=\"elementor-post__title\">\n\t\t\t<a href=\"https:\/\/tazig.fr\/index.php\/2025\/09\/10\/agenda-septembre-a-decembre-2025\/\" target=&quot;_blank&quot;>\n\t\t\t\tAgenda Septembre \u00e0 d\u00e9cembre 2025\t\t\t<\/a>\n\t\t<\/h3>\n\t\t\t\t<div class=\"elementor-post__meta-data\">\n\t\t\t\t\t<span class=\"elementor-post-author\">\n\t\t\tMandesha\t\t<\/span>\n\t\t\t\t<span class=\"elementor-post-date\">\n\t\t\t10 septembre 2025\t\t<\/span>\n\t\t\t\t<\/div>\n\t\t\t\t<div class=\"elementor-post__excerpt\">\n\t\t\t<p>Retrouvez tous les rendez-vous des enseignements de Lama Samten Y\u00e9sh\u00e9 Rinpoch\u00e9 du mois de septembre<\/p>\n\t\t<\/div>\n\t\t\n\t\t<a class=\"elementor-post__read-more\" href=\"https:\/\/tazig.fr\/index.php\/2025\/09\/10\/agenda-septembre-a-decembre-2025\/\" aria-label=\"En savoir plus sur Agenda Septembre \u00e0 d\u00e9cembre 2025\" tabindex=\"-1\" target=\"_blank\">\n\t\t\tLire la suite\t\t<\/a>\n\n\t\t\t\t<\/div>\n\t\t\t\t<\/article>\n\t\t\t\t<article class=\"elementor-post elementor-grid-item post-4477 post type-post status-publish format-standard has-post-thumbnail hentry category-une category-agenda tag-dzogchen tag-menri tag-yungdrung-bon\" role=\"listitem\">\n\t\t\t\t<a class=\"elementor-post__thumbnail__link\" href=\"https:\/\/tazig.fr\/index.php\/2025\/06\/17\/juin-2025-son-eminence-yongdzin-rinpoche-vient-de-nous-quitter\/\" tabindex=\"-1\" target=&quot;_blank&quot;>\n\t\t\t<div class=\"elementor-post__thumbnail\"><img decoding=\"async\" width=\"300\" height=\"225\" src=\"https:\/\/tazig.fr\/wp-content\/uploads\/2025\/06\/H.E.-Yongdzin-Rinpoche-3-300x225.jpg\" class=\"attachment-medium size-medium wp-image-4465\" alt=\"\" srcset=\"https:\/\/tazig.fr\/wp-content\/uploads\/2025\/06\/H.E.-Yongdzin-Rinpoche-3-300x225.jpg 300w, https:\/\/tazig.fr\/wp-content\/uploads\/2025\/06\/H.E.-Yongdzin-Rinpoche-3-1024x768.jpg 1024w, https:\/\/tazig.fr\/wp-content\/uploads\/2025\/06\/H.E.-Yongdzin-Rinpoche-3-768x576.jpg 768w, https:\/\/tazig.fr\/wp-content\/uploads\/2025\/06\/H.E.-Yongdzin-Rinpoche-3.jpg 1080w\" sizes=\"(max-width: 300px) 100vw, 300px\" \/><\/div>\n\t\t<\/a>\n\t\t\t\t<div class=\"elementor-post__text\">\n\t\t\t\t<h3 class=\"elementor-post__title\">\n\t\t\t<a href=\"https:\/\/tazig.fr\/index.php\/2025\/06\/17\/juin-2025-son-eminence-yongdzin-rinpoche-vient-de-nous-quitter\/\" target=&quot;_blank&quot;>\n\t\t\t\t12 Juin 2025 &#8211; Son Eminence Yongdzin Tenzin Namdak Rinpoche vient de nous quitter\t\t\t<\/a>\n\t\t<\/h3>\n\t\t\t\t<div class=\"elementor-post__meta-data\">\n\t\t\t\t\t<span class=\"elementor-post-author\">\n\t\t\tMandesha\t\t<\/span>\n\t\t\t\t<span class=\"elementor-post-date\">\n\t\t\t17 juin 2025\t\t<\/span>\n\t\t\t\t<\/div>\n\t\t\t\t<div class=\"elementor-post__excerpt\">\n\t\t\t<p>C\u2019est avec une profonde \u00e9motion et un c\u0153ur empli de gratitude que nous annon\u00e7ons le<\/p>\n\t\t<\/div>\n\t\t\n\t\t<a class=\"elementor-post__read-more\" href=\"https:\/\/tazig.fr\/index.php\/2025\/06\/17\/juin-2025-son-eminence-yongdzin-rinpoche-vient-de-nous-quitter\/\" aria-label=\"En savoir plus sur 12 Juin 2025 &#8211; Son Eminence Yongdzin Tenzin Namdak Rinpoche vient de nous quitter\" tabindex=\"-1\" target=\"_blank\">\n\t\t\tLire la suite\t\t<\/a>\n\n\t\t\t\t<\/div>\n\t\t\t\t<\/article>\n\t\t\t\t<article class=\"elementor-post elementor-grid-item post-4326 post type-post status-publish format-standard has-post-thumbnail hentry category-agenda tag-enseignements\" role=\"listitem\">\n\t\t\t\t<a class=\"elementor-post__thumbnail__link\" href=\"https:\/\/tazig.fr\/index.php\/2025\/06\/09\/agenda-juin-2025-sa-saintete-le-34eme-menri-trizin-rinpoche\/\" tabindex=\"-1\" target=&quot;_blank&quot;>\n\t\t\t<div class=\"elementor-post__thumbnail\"><img loading=\"lazy\" decoding=\"async\" width=\"225\" height=\"300\" src=\"https:\/\/tazig.fr\/wp-content\/uploads\/2025\/06\/Sa-Saintete-le-34eme-Menri-Trizin-Rinpoche_05-25-18-225x300.jpg\" class=\"attachment-medium size-medium wp-image-4347\" alt=\"\" srcset=\"https:\/\/tazig.fr\/wp-content\/uploads\/2025\/06\/Sa-Saintete-le-34eme-Menri-Trizin-Rinpoche_05-25-18-225x300.jpg 225w, https:\/\/tazig.fr\/wp-content\/uploads\/2025\/06\/Sa-Saintete-le-34eme-Menri-Trizin-Rinpoche_05-25-18-768x1024.jpg 768w, https:\/\/tazig.fr\/wp-content\/uploads\/2025\/06\/Sa-Saintete-le-34eme-Menri-Trizin-Rinpoche_05-25-18-1152x1536.jpg 1152w, https:\/\/tazig.fr\/wp-content\/uploads\/2025\/06\/Sa-Saintete-le-34eme-Menri-Trizin-Rinpoche_05-25-18.jpg 1536w\" sizes=\"(max-width: 225px) 100vw, 225px\" \/><\/div>\n\t\t<\/a>\n\t\t\t\t<div class=\"elementor-post__text\">\n\t\t\t\t<h3 class=\"elementor-post__title\">\n\t\t\t<a href=\"https:\/\/tazig.fr\/index.php\/2025\/06\/09\/agenda-juin-2025-sa-saintete-le-34eme-menri-trizin-rinpoche\/\" target=&quot;_blank&quot;>\n\t\t\t\tEnseignements Juin 2025 &#8211; Sa Saintet\u00e9 le 34\u00e8me\u00a0Menri Trizin Rinpoch\u00e9\t\t\t<\/a>\n\t\t<\/h3>\n\t\t\t\t<div class=\"elementor-post__meta-data\">\n\t\t\t\t\t<span class=\"elementor-post-author\">\n\t\t\tMandesha\t\t<\/span>\n\t\t\t\t<span class=\"elementor-post-date\">\n\t\t\t9 juin 2025\t\t<\/span>\n\t\t\t\t<\/div>\n\t\t\t\t<div class=\"elementor-post__excerpt\">\n\t\t\t<p>Nous avons eu l&rsquo;immense honneur de recevoir deux jours d&rsquo;enseignements de sa Saintet\u00e9 le 34\u00e8me\u00a0Menri<\/p>\n\t\t<\/div>\n\t\t\n\t\t<a class=\"elementor-post__read-more\" href=\"https:\/\/tazig.fr\/index.php\/2025\/06\/09\/agenda-juin-2025-sa-saintete-le-34eme-menri-trizin-rinpoche\/\" aria-label=\"En savoir plus sur Enseignements Juin 2025 &#8211; Sa Saintet\u00e9 le 34\u00e8me\u00a0Menri Trizin Rinpoch\u00e9\" tabindex=\"-1\" target=\"_blank\">\n\t\t\tLire la suite\t\t<\/a>\n\n\t\t\t\t<\/div>\n\t\t\t\t<\/article>\n\t\t\t\t<article class=\"elementor-post elementor-grid-item post-4204 post type-post status-publish format-standard has-post-thumbnail hentry category-une category-agenda\" role=\"listitem\">\n\t\t\t\t<a class=\"elementor-post__thumbnail__link\" href=\"https:\/\/tazig.fr\/index.php\/2025\/03\/23\/agenda-avril-juin-2025\/\" tabindex=\"-1\" target=&quot;_blank&quot;>\n\t\t\t<div class=\"elementor-post__thumbnail\"><img loading=\"lazy\" decoding=\"async\" width=\"227\" height=\"300\" src=\"https:\/\/tazig.fr\/wp-content\/uploads\/2020\/02\/87429601_1534183760069282_2846994392995069952_o-227x300.jpg\" class=\"attachment-medium size-medium wp-image-1983\" alt=\"\" srcset=\"https:\/\/tazig.fr\/wp-content\/uploads\/2020\/02\/87429601_1534183760069282_2846994392995069952_o-227x300.jpg 227w, https:\/\/tazig.fr\/wp-content\/uploads\/2020\/02\/87429601_1534183760069282_2846994392995069952_o-768x1015.jpg 768w, https:\/\/tazig.fr\/wp-content\/uploads\/2020\/02\/87429601_1534183760069282_2846994392995069952_o.jpg 770w\" sizes=\"(max-width: 227px) 100vw, 227px\" \/><\/div>\n\t\t<\/a>\n\t\t\t\t<div class=\"elementor-post__text\">\n\t\t\t\t<h3 class=\"elementor-post__title\">\n\t\t\t<a href=\"https:\/\/tazig.fr\/index.php\/2025\/03\/23\/agenda-avril-juin-2025\/\" target=&quot;_blank&quot;>\n\t\t\t\tAgenda Avril &#8211; Juin 2025\t\t\t<\/a>\n\t\t<\/h3>\n\t\t\t\t<div class=\"elementor-post__meta-data\">\n\t\t\t\t\t<span class=\"elementor-post-author\">\n\t\t\tMandesha\t\t<\/span>\n\t\t\t\t<span class=\"elementor-post-date\">\n\t\t\t23 mars 2025\t\t<\/span>\n\t\t\t\t<\/div>\n\t\t\t\t<div class=\"elementor-post__excerpt\">\n\t\t\t<p>Retrouvez tous les rendez-vous des enseignements de Lama Samten Y\u00e9sh\u00e9 Rinpoch\u00e9 du mois d&rsquo;avril 2025<\/p>\n\t\t<\/div>\n\t\t\n\t\t<a class=\"elementor-post__read-more\" href=\"https:\/\/tazig.fr\/index.php\/2025\/03\/23\/agenda-avril-juin-2025\/\" aria-label=\"En savoir plus sur Agenda Avril &#8211; Juin 2025\" tabindex=\"-1\" target=\"_blank\">\n\t\t\tLire la suite\t\t<\/a>\n\n\t\t\t\t<\/div>\n\t\t\t\t<\/article>\n\t\t\t\t<article class=\"elementor-post elementor-grid-item post-4040 post type-post status-publish format-standard has-post-thumbnail hentry category-une category-agenda\" role=\"listitem\">\n\t\t\t\t<a class=\"elementor-post__thumbnail__link\" href=\"https:\/\/tazig.fr\/index.php\/2024\/12\/01\/agenda-2025\/\" tabindex=\"-1\" target=&quot;_blank&quot;>\n\t\t\t<div class=\"elementor-post__thumbnail\"><img loading=\"lazy\" decoding=\"async\" width=\"227\" height=\"300\" src=\"https:\/\/tazig.fr\/wp-content\/uploads\/2020\/02\/87429601_1534183760069282_2846994392995069952_o-227x300.jpg\" class=\"attachment-medium size-medium wp-image-1983\" alt=\"\" srcset=\"https:\/\/tazig.fr\/wp-content\/uploads\/2020\/02\/87429601_1534183760069282_2846994392995069952_o-227x300.jpg 227w, https:\/\/tazig.fr\/wp-content\/uploads\/2020\/02\/87429601_1534183760069282_2846994392995069952_o-768x1015.jpg 768w, https:\/\/tazig.fr\/wp-content\/uploads\/2020\/02\/87429601_1534183760069282_2846994392995069952_o.jpg 770w\" sizes=\"(max-width: 227px) 100vw, 227px\" \/><\/div>\n\t\t<\/a>\n\t\t\t\t<div class=\"elementor-post__text\">\n\t\t\t\t<h3 class=\"elementor-post__title\">\n\t\t\t<a href=\"https:\/\/tazig.fr\/index.php\/2024\/12\/01\/agenda-2025\/\" target=&quot;_blank&quot;>\n\t\t\t\tAgenda D\u00e9cembre 2024 &#8211; Mars 2025\t\t\t<\/a>\n\t\t<\/h3>\n\t\t\t\t<div class=\"elementor-post__meta-data\">\n\t\t\t\t\t<span class=\"elementor-post-author\">\n\t\t\tMandesha\t\t<\/span>\n\t\t\t\t<span class=\"elementor-post-date\">\n\t\t\t1 d\u00e9cembre 2024\t\t<\/span>\n\t\t\t\t<\/div>\n\t\t\t\t<div class=\"elementor-post__excerpt\">\n\t\t\t<p>Retrouvez tous les rendez-vous des enseignements de Lama Samten Yesh\u00e9 Rinpoch\u00e9 du mois de d\u00e9cembre<\/p>\n\t\t<\/div>\n\t\t\n\t\t<a class=\"elementor-post__read-more\" href=\"https:\/\/tazig.fr\/index.php\/2024\/12\/01\/agenda-2025\/\" aria-label=\"En savoir plus sur Agenda D\u00e9cembre 2024 &#8211; Mars 2025\" tabindex=\"-1\" target=\"_blank\">\n\t\t\tLire la suite\t\t<\/a>\n\n\t\t\t\t<\/div>\n\t\t\t\t<\/article>\n\t\t\t\t<\/div>\n\t\t\n\t\t\t\t\t\t<\/div>\n\t\t\t\t<\/div>\n\t\t\t\t\t<\/div>\n\t\t<\/div>\n\t\t\t\t<div class=\"elementor-column elementor-col-50 elementor-top-column elementor-element elementor-element-9158817\" data-id=\"9158817\" data-element_type=\"column\">\n\t\t\t<div class=\"elementor-widget-wrap elementor-element-populated\">\n\t\t\t\t\t\t<div class=\"elementor-element elementor-element-201b77c8 elementor-widget elementor-widget-heading\" data-id=\"201b77c8\" data-element_type=\"widget\" data-widget_type=\"heading.default\">\n\t\t\t\t<div class=\"elementor-widget-container\">\n\t\t\t\t\t<h2 class=\"elementor-heading-title elementor-size-default\">ARCHIVES<\/h2>\t\t\t\t<\/div>\n\t\t\t\t<\/div>\n\t\t\t\t<div class=\"elementor-element elementor-element-1286b873 elementor-widget-divider--view-line elementor-widget elementor-widget-divider\" data-id=\"1286b873\" data-element_type=\"widget\" data-widget_type=\"divider.default\">\n\t\t\t\t<div class=\"elementor-widget-container\">\n\t\t\t\t\t\t\t<div class=\"elementor-divider\">\n\t\t\t<span class=\"elementor-divider-separator\">\n\t\t\t\t\t\t<\/span>\n\t\t<\/div>\n\t\t\t\t\t\t<\/div>\n\t\t\t\t<\/div>\n\t\t\t\t<div class=\"elementor-element elementor-element-2ed90612 elementor-widget elementor-widget-wp-widget-archives\" data-id=\"2ed90612\" data-element_type=\"widget\" data-widget_type=\"wp-widget-archives.default\">\n\t\t\t\t<div class=\"elementor-widget-container\">\n\t\t\t\t\t<h5>Retrouvez tous nos articles archiv\u00e9s&#8230;<\/h5>\n\t\t\t<ul>\n\t\t\t\t\t<li><a href='https:\/\/tazig.fr\/index.php\/2026\/01\/'>janvier 2026<\/a>&nbsp;(1)<\/li>\n\t<li><a href='https:\/\/tazig.fr\/index.php\/2025\/09\/'>septembre 2025<\/a>&nbsp;(1)<\/li>\n\t<li><a href='https:\/\/tazig.fr\/index.php\/2025\/06\/'>juin 2025<\/a>&nbsp;(2)<\/li>\n\t<li><a href='https:\/\/tazig.fr\/index.php\/2025\/03\/'>mars 2025<\/a>&nbsp;(1)<\/li>\n\t<li><a href='https:\/\/tazig.fr\/index.php\/2024\/12\/'>d\u00e9cembre 2024<\/a>&nbsp;(1)<\/li>\n\t<li><a href='https:\/\/tazig.fr\/index.php\/2024\/08\/'>ao\u00fbt 2024<\/a>&nbsp;(1)<\/li>\n\t<li><a href='https:\/\/tazig.fr\/index.php\/2024\/05\/'>mai 2024<\/a>&nbsp;(1)<\/li>\n\t<li><a href='https:\/\/tazig.fr\/index.php\/2024\/01\/'>janvier 2024<\/a>&nbsp;(1)<\/li>\n\t<li><a href='https:\/\/tazig.fr\/index.php\/2023\/11\/'>novembre 2023<\/a>&nbsp;(1)<\/li>\n\t<li><a href='https:\/\/tazig.fr\/index.php\/2023\/08\/'>ao\u00fbt 2023<\/a>&nbsp;(1)<\/li>\n\t<li><a href='https:\/\/tazig.fr\/index.php\/2023\/07\/'>juillet 2023<\/a>&nbsp;(1)<\/li>\n\t<li><a href='https:\/\/tazig.fr\/index.php\/2023\/05\/'>mai 2023<\/a>&nbsp;(1)<\/li>\n\t<li><a href='https:\/\/tazig.fr\/index.php\/2023\/04\/'>avril 2023<\/a>&nbsp;(1)<\/li>\n\t<li><a href='https:\/\/tazig.fr\/index.php\/2023\/02\/'>f\u00e9vrier 2023<\/a>&nbsp;(1)<\/li>\n\t<li><a href='https:\/\/tazig.fr\/index.php\/2022\/12\/'>d\u00e9cembre 2022<\/a>&nbsp;(1)<\/li>\n\t<li><a href='https:\/\/tazig.fr\/index.php\/2022\/11\/'>novembre 2022<\/a>&nbsp;(1)<\/li>\n\t<li><a href='https:\/\/tazig.fr\/index.php\/2022\/09\/'>septembre 2022<\/a>&nbsp;(1)<\/li>\n\t<li><a href='https:\/\/tazig.fr\/index.php\/2022\/05\/'>mai 2022<\/a>&nbsp;(2)<\/li>\n\t<li><a href='https:\/\/tazig.fr\/index.php\/2022\/04\/'>avril 2022<\/a>&nbsp;(1)<\/li>\n\t<li><a href='https:\/\/tazig.fr\/index.php\/2022\/02\/'>f\u00e9vrier 2022<\/a>&nbsp;(1)<\/li>\n\t<li><a href='https:\/\/tazig.fr\/index.php\/2021\/11\/'>novembre 2021<\/a>&nbsp;(2)<\/li>\n\t<li><a href='https:\/\/tazig.fr\/index.php\/2021\/10\/'>octobre 2021<\/a>&nbsp;(1)<\/li>\n\t<li><a href='https:\/\/tazig.fr\/index.php\/2021\/09\/'>septembre 2021<\/a>&nbsp;(4)<\/li>\n\t<li><a href='https:\/\/tazig.fr\/index.php\/2021\/08\/'>ao\u00fbt 2021<\/a>&nbsp;(1)<\/li>\n\t<li><a href='https:\/\/tazig.fr\/index.php\/2021\/06\/'>juin 2021<\/a>&nbsp;(1)<\/li>\n\t<li><a href='https:\/\/tazig.fr\/index.php\/2021\/05\/'>mai 2021<\/a>&nbsp;(3)<\/li>\n\t<li><a href='https:\/\/tazig.fr\/index.php\/2021\/04\/'>avril 2021<\/a>&nbsp;(1)<\/li>\n\t<li><a href='https:\/\/tazig.fr\/index.php\/2021\/03\/'>mars 2021<\/a>&nbsp;(1)<\/li>\n\t<li><a href='https:\/\/tazig.fr\/index.php\/2021\/02\/'>f\u00e9vrier 2021<\/a>&nbsp;(1)<\/li>\n\t<li><a href='https:\/\/tazig.fr\/index.php\/2021\/01\/'>janvier 2021<\/a>&nbsp;(1)<\/li>\n\t<li><a href='https:\/\/tazig.fr\/index.php\/2020\/12\/'>d\u00e9cembre 2020<\/a>&nbsp;(1)<\/li>\n\t<li><a href='https:\/\/tazig.fr\/index.php\/2020\/09\/'>septembre 2020<\/a>&nbsp;(3)<\/li>\n\t<li><a href='https:\/\/tazig.fr\/index.php\/2020\/08\/'>ao\u00fbt 2020<\/a>&nbsp;(1)<\/li>\n\t<li><a href='https:\/\/tazig.fr\/index.php\/2020\/07\/'>juillet 2020<\/a>&nbsp;(1)<\/li>\n\t<li><a href='https:\/\/tazig.fr\/index.php\/2020\/06\/'>juin 2020<\/a>&nbsp;(2)<\/li>\n\t<li><a href='https:\/\/tazig.fr\/index.php\/2020\/05\/'>mai 2020<\/a>&nbsp;(1)<\/li>\n\t<li><a href='https:\/\/tazig.fr\/index.php\/2020\/03\/'>mars 2020<\/a>&nbsp;(1)<\/li>\n\t<li><a href='https:\/\/tazig.fr\/index.php\/2020\/02\/'>f\u00e9vrier 2020<\/a>&nbsp;(1)<\/li>\n\t<li><a href='https:\/\/tazig.fr\/index.php\/2020\/01\/'>janvier 2020<\/a>&nbsp;(3)<\/li>\n\t<li><a href='https:\/\/tazig.fr\/index.php\/2019\/10\/'>octobre 2019<\/a>&nbsp;(1)<\/li>\n\t<li><a href='https:\/\/tazig.fr\/index.php\/2019\/08\/'>ao\u00fbt 2019<\/a>&nbsp;(1)<\/li>\n\t<li><a href='https:\/\/tazig.fr\/index.php\/2019\/07\/'>juillet 2019<\/a>&nbsp;(1)<\/li>\n\t<li><a href='https:\/\/tazig.fr\/index.php\/2019\/06\/'>juin 2019<\/a>&nbsp;(9)<\/li>\n\t<li><a href='https:\/\/tazig.fr\/index.php\/2019\/05\/'>mai 2019<\/a>&nbsp;(4)<\/li>\n\t<li><a href='https:\/\/tazig.fr\/index.php\/2019\/04\/'>avril 2019<\/a>&nbsp;(3)<\/li>\n\t<li><a href='https:\/\/tazig.fr\/index.php\/2019\/03\/'>mars 2019<\/a>&nbsp;(1)<\/li>\n\t<li><a href='https:\/\/tazig.fr\/index.php\/2019\/02\/'>f\u00e9vrier 2019<\/a>&nbsp;(3)<\/li>\n\t<li><a href='https:\/\/tazig.fr\/index.php\/2019\/01\/'>janvier 2019<\/a>&nbsp;(1)<\/li>\n\t<li><a href='https:\/\/tazig.fr\/index.php\/2018\/12\/'>d\u00e9cembre 2018<\/a>&nbsp;(1)<\/li>\n\t<li><a href='https:\/\/tazig.fr\/index.php\/2018\/11\/'>novembre 2018<\/a>&nbsp;(1)<\/li>\n\t<li><a href='https:\/\/tazig.fr\/index.php\/2018\/10\/'>octobre 2018<\/a>&nbsp;(1)<\/li>\n\t<li><a href='https:\/\/tazig.fr\/index.php\/2018\/09\/'>septembre 2018<\/a>&nbsp;(2)<\/li>\n\t<li><a href='https:\/\/tazig.fr\/index.php\/2018\/08\/'>ao\u00fbt 2018<\/a>&nbsp;(1)<\/li>\n\t<li><a href='https:\/\/tazig.fr\/index.php\/2018\/07\/'>juillet 2018<\/a>&nbsp;(1)<\/li>\n\t<li><a href='https:\/\/tazig.fr\/index.php\/2018\/06\/'>juin 2018<\/a>&nbsp;(2)<\/li>\n\t<li><a href='https:\/\/tazig.fr\/index.php\/2018\/05\/'>mai 2018<\/a>&nbsp;(1)<\/li>\n\t<li><a href='https:\/\/tazig.fr\/index.php\/2018\/04\/'>avril 2018<\/a>&nbsp;(1)<\/li>\n\t<li><a href='https:\/\/tazig.fr\/index.php\/2018\/03\/'>mars 2018<\/a>&nbsp;(1)<\/li>\n\t<li><a href='https:\/\/tazig.fr\/index.php\/2018\/02\/'>f\u00e9vrier 2018<\/a>&nbsp;(3)<\/li>\n\t<li><a href='https:\/\/tazig.fr\/index.php\/2018\/01\/'>janvier 2018<\/a>&nbsp;(4)<\/li>\n\t<li><a href='https:\/\/tazig.fr\/index.php\/2017\/12\/'>d\u00e9cembre 2017<\/a>&nbsp;(6)<\/li>\n\t<li><a href='https:\/\/tazig.fr\/index.php\/2017\/10\/'>octobre 2017<\/a>&nbsp;(2)<\/li>\n\t<li><a href='https:\/\/tazig.fr\/index.php\/2017\/09\/'>septembre 2017<\/a>&nbsp;(4)<\/li>\n\t<li><a href='https:\/\/tazig.fr\/index.php\/2017\/08\/'>ao\u00fbt 2017<\/a>&nbsp;(32)<\/li>\n\t<li><a href='https:\/\/tazig.fr\/index.php\/2017\/06\/'>juin 2017<\/a>&nbsp;(1)<\/li>\n\t\t\t<\/ul>\n\n\t\t\t\t\t\t\t<\/div>\n\t\t\t\t<\/div>\n\t\t\t\t\t<\/div>\n\t\t<\/div>\n\t\t\t\t\t<\/div>\n\t\t<\/section>\n\t\t\t\t<\/div>\n\t\t","protected":false},"excerpt":{"rendered":"<p>A REDECOUVRIR&#8230; Agenda des \u00e9v\u00e9nements, retraites, vernissage, expositions&#8230; retrouvez toutes les informations r\u00e9centes concernant l&rsquo;association. ARCHIVES<\/p>\n","protected":false},"author":1,"featured_media":0,"parent":0,"menu_order":0,"comment_status":"closed","ping_status":"closed","template":"elementor_header_footer","meta":{"_uag_custom_page_level_css":"","footnotes":""},"class_list":["post-2608","page","type-page","status-publish","hentry"],"uagb_featured_image_src":{"full":false,"thumbnail":false,"medium":false,"medium_large":false,"large":false,"1536x1536":false,"2048x2048":false,"post-thumbnail":false,"poseidon-header-image":false,"poseidon-thumbnail-small":false,"poseidon-thumbnail-medium":false,"poseidon-thumbnail-large":false,"poseidon-thumbnail-single":false},"uagb_author_info":{"display_name":"Mandesha","author_link":"https:\/\/tazig.fr\/index.php\/author\/mandesha\/"},"uagb_comment_info":0,"uagb_excerpt":"A REDECOUVRIR&#8230; Agenda des \u00e9v\u00e9nements, retraites, vernissage, expositions&#8230; retrouvez toutes les informations r\u00e9centes concernant l&rsquo;association. ARCHIVES","_links":{"self":[{"href":"https:\/\/tazig.fr\/index.php\/wp-json\/wp\/v2\/pages\/2608","targetHints":{"allow":["GET"]}}],"collection":[{"href":"https:\/\/tazig.fr\/index.php\/wp-json\/wp\/v2\/pages"}],"about":[{"href":"https:\/\/tazig.fr\/index.php\/wp-json\/wp\/v2\/types\/page"}],"author":[{"embeddable":true,"href":"https:\/\/tazig.fr\/index.php\/wp-json\/wp\/v2\/users\/1"}],"replies":[{"embeddable":true,"href":"https:\/\/tazig.fr\/index.php\/wp-json\/wp\/v2\/comments?post=2608"}],"version-history":[{"count":20,"href":"https:\/\/tazig.fr\/index.php\/wp-json\/wp\/v2\/pages\/2608\/revisions"}],"predecessor-version":[{"id":4980,"href":"https:\/\/tazig.fr\/index.php\/wp-json\/wp\/v2\/pages\/2608\/revisions\/4980"}],"wp:attachment":[{"href":"https:\/\/tazig.fr\/index.php\/wp-json\/wp\/v2\/media?parent=2608"}],"curies":[{"name":"wp","href":"https:\/\/api.w.org\/{rel}","templated":true}]}}