{"id":17,"date":"2017-08-16T22:00:31","date_gmt":"2017-08-16T20:00:31","guid":{"rendered":"http:\/\/tazigsamtenling.org\/?page_id=17"},"modified":"2025-07-21T11:46:21","modified_gmt":"2025-07-21T09:46:21","slug":"nous-soutenir","status":"publish","type":"page","link":"https:\/\/tazig.fr\/index.php\/nous-soutenir\/","title":{"rendered":"Soutien"},"content":{"rendered":"\t\t<div data-elementor-type=\"wp-page\" data-elementor-id=\"17\" class=\"elementor elementor-17\" data-elementor-post-type=\"page\">\n\t\t\t\t\t\t<section class=\"elementor-section elementor-top-section elementor-element elementor-element-53ea8de8 elementor-section-boxed elementor-section-height-default elementor-section-height-default\" data-id=\"53ea8de8\" data-element_type=\"section\">\n\t\t\t\t\t\t<div class=\"elementor-container elementor-column-gap-default\">\n\t\t\t\t\t<div class=\"elementor-column elementor-col-100 elementor-top-column elementor-element elementor-element-484cdafa\" data-id=\"484cdafa\" data-element_type=\"column\">\n\t\t\t<div class=\"elementor-widget-wrap elementor-element-populated\">\n\t\t\t\t\t\t<div class=\"elementor-element elementor-element-2451582 elementor-widget elementor-widget-heading\" data-id=\"2451582\" data-element_type=\"widget\" data-widget_type=\"heading.default\">\n\t\t\t\t<div class=\"elementor-widget-container\">\n\t\t\t\t\t<h2 class=\"elementor-heading-title elementor-size-default\">NOUS SOUTENIR<\/h2>\t\t\t\t<\/div>\n\t\t\t\t<\/div>\n\t\t\t\t<div class=\"elementor-element elementor-element-c79ceb8 elementor-cta--skin-cover elementor-widget__width-inherit elementor-animated-content elementor-bg-transform elementor-bg-transform-zoom-in elementor-widget elementor-widget-call-to-action\" data-id=\"c79ceb8\" data-element_type=\"widget\" data-widget_type=\"call-to-action.default\">\n\t\t\t\t<div class=\"elementor-widget-container\">\n\t\t\t\t\t\t\t<a class=\"elementor-cta\" href=\"https:\/\/www.helloasso.com\/associations\/tazig-samten-ling\/adhesions\/fiche-adhesion-tazig-2024-2025\" target=\"_blank\">\n\t\t\t\t\t<div class=\"elementor-cta__bg-wrapper\">\n\t\t\t\t<div class=\"elementor-cta__bg elementor-bg\" style=\"background-image: url(https:\/\/tazig.fr\/wp-content\/uploads\/2019\/05\/Image7-fond-noir-e1746791060452-1920x480.jpg);\" role=\"img\" aria-label=\"Image7 fond noir\"><\/div>\n\t\t\t\t<div class=\"elementor-cta__bg-overlay\"><\/div>\n\t\t\t<\/div>\n\t\t\t\t\t\t\t<div class=\"elementor-cta__content\">\n\t\t\t\t\n\t\t\t\t\t\t\t\t\t<h2 class=\"elementor-cta__title elementor-cta__content-item elementor-content-item elementor-animated-item--grow\">\n\t\t\t\t\t\tADHESION 2024 - 2025\t\t\t\t\t<\/h2>\n\t\t\t\t\n\t\t\t\t\t\t\t\t\t<div class=\"elementor-cta__description elementor-cta__content-item elementor-content-item elementor-animated-item--grow\">\n\t\t\t\t\t\tvalable du 1er septembre 2024 au 31 ao\u00fbt 2025\t\t\t\t\t<\/div>\n\t\t\t\t\n\t\t\t\t\t\t\t<\/div>\n\t\t\t\t\t\t<\/a>\n\t\t\t\t\t\t<\/div>\n\t\t\t\t<\/div>\n\t\t\t\t<div class=\"elementor-element elementor-element-3e3bba4 elementor-widget elementor-widget-text-editor\" data-id=\"3e3bba4\" data-element_type=\"widget\" data-widget_type=\"text-editor.default\">\n\t\t\t\t<div class=\"elementor-widget-container\">\n\t\t\t\t\t\t\t\t\t<p style=\"text-align: justify;\"><em>Tazig Samten Ling est une association d\u00e9clar\u00e9e d\u2019int\u00e9r\u00eat g\u00e9n\u00e9ral.<\/em><\/p><p style=\"text-align: justify;\"><em>A ce titre,\u00a0<\/em><em style=\"color: var( --e-global-color-text ); font-family: var( --e-global-typography-text-font-family ), Sans-serif; font-weight: var( --e-global-typography-text-font-weight ); font-size: 1rem;\">pour tout don,\u00a0<\/em><em style=\"color: var( --e-global-color-text ); font-family: var( --e-global-typography-text-font-family ), Sans-serif; font-weight: var( --e-global-typography-text-font-weight ); font-size: 1rem;\">Tazig Samten Ling vous d\u00e9livrera en d\u00e9but d&rsquo;ann\u00e9e un\u00a0re\u00e7u fiscal qui permet \u00e0 tout\u00a0 donateur de b\u00e9n\u00e9ficier d\u2019une <b>r\u00e9duction d\u2019imp\u00f4t<\/b> \u00e9gale \u00e0 <b>66 % <\/b><strong>de la somme vers\u00e9e<\/strong> dans la limite de 20 % de son revenu imposable. <\/em><\/p><p style=\"text-align: justify;\"><em style=\"color: var( --e-global-color-text ); font-family: var( --e-global-typography-text-font-family ), Sans-serif; font-weight: var( --e-global-typography-text-font-weight ); font-size: 1rem;\">Ainsi, <strong>un don de 100 \u20ac revient \u00e0 34 \u20ac <\/strong>apr\u00e8s d\u00e9duction.<\/em><\/p><h1><span style=\"color: #003366;\"><strong style=\"font-size: 1.0625rem;\">Vous pouvez soutenir financi\u00e8rement nos actions de trois fa\u00e7ons<\/strong><span style=\"font-size: 1.0625rem;\">\u00a0:<\/span><\/span><\/h1><div><ul><li>par vos adh\u00e9sions<\/li><li>par votre participation \u00e0 nos activit\u00e9s<\/li><li>par vos dons<\/li><li>en achetant des produits sur notre boutique.<\/li><\/ul><\/div><p><span style=\"text-decoration: underline; color: #003366;\"><strong>Adh\u00e9sions et dons<\/strong><\/span><\/p><ul><li>par ch\u00e8que<\/li><\/ul><p style=\"text-align: justify;\">Pour adh\u00e9rer ou soutenir financi\u00e8rement Tazig Samten Ling, merci de bien vouloir imprimer, compl\u00e9ter et nous renvoyer avec votre ch\u00e8que le bulletin d\u2019adh\u00e9sion que vous pouvez t\u00e9l\u00e9charger : <a href=\"https:\/\/tazig.fr\/wp-content\/uploads\/2023\/09\/FICHE-adhesion-TAZIG.pdf\">Fiche adh\u00e9sion TAZIG <\/a>.<\/p><ul><li>en esp\u00e8ces lors de nos manifestations<\/li><li>par virement : notre <a href=\"https:\/\/tazig.fr\/wp-content\/uploads\/2024\/10\/RIB_TAZIG.pdf\" target=\"_blank\" rel=\"noopener\">RIB<\/a> <img decoding=\"async\" src=\"https:\/\/www.paypalobjects.com\/fr_FR\/i\/scr\/pixel.gif\" alt=\"\" width=\"1\" height=\"1\" border=\"0\" \/><\/li><\/ul><form action=\"https:\/\/www.paypal.com\/cgi-bin\/webscr\" method=\"post\" target=\"_top\"><p><span style=\"text-decoration: underline; color: #003366;\"><strong>Abonnements et journ\u00e9es de pratiques<\/strong><\/span><\/p><\/form><form action=\"https:\/\/www.paypal.com\/cgi-bin\/webscr\" method=\"post\" target=\"_top\"><p><strong>1 &#8211; Abonnement annuel sur 10 mois \u00e0 la pratique de yoga tib\u00e9tain et de m\u00e9ditation en pr\u00e9sentiel et via Zoom. <\/strong>Tarif 170 \u20ac\/an ou 17\u20ac\/mois + adh\u00e9sion 15\u20ac.<\/p><p style=\"text-align: justify;\">Nous sommes heureux de vous proposer une nouvelle formule d&rsquo;abonnement afin que vous soyez plus nombreux \u00e0 profiter des cours et des enseignements de Lamala en ligne.<\/p><\/form><form action=\"https:\/\/www.paypal.com\/cgi-bin\/webscr\" method=\"post\" target=\"_top\"><p><strong>2 &#8211; Chaque semaine s\u00e9ance de m\u00e9ditation via Zoom le lundi de 20h \u00e0 21h.<\/strong> L&rsquo;adh\u00e9sion \u00e0 l&rsquo;association Tazig pour l&rsquo;ann\u00e9e est de 15 euros, du 1er septembre au 31 ao\u00fbt).<img decoding=\"async\" src=\"https:\/\/www.paypalobjects.com\/fr_FR\/i\/scr\/pixel.gif\" alt=\"\" width=\"1\" height=\"1\" border=\"0\" \/><\/p><\/form><form action=\"https:\/\/www.paypal.com\/cgi-bin\/webscr\" method=\"post\" target=\"_top\"><\/form><form action=\"https:\/\/www.paypal.com\/cgi-bin\/webscr\" method=\"post\" target=\"_top\"><img decoding=\"async\" src=\"https:\/\/www.paypalobjects.com\/fr_FR\/i\/scr\/pixel.gif\" alt=\"\" width=\"1\" height=\"1\" border=\"0\" \/><strong style=\"font-size: 1.0625rem;\">3 &#8211; Journ\u00e9e de pratique en pr\u00e9sentiel ou sur Zoom<\/strong><span style=\"font-size: 1.0625rem;\">, tarif 35 \u20ac.<\/span><\/form><form action=\"https:\/\/www.paypal.com\/cgi-bin\/webscr\" method=\"post\" target=\"_top\"><p><strong>4 &#8211; Enseignements du samedi matin sur Zoom<\/strong>, th\u00e8me Les 10 paramitas.<\/p><\/form><form action=\"https:\/\/www.paypal.com\/cgi-bin\/webscr\" method=\"post\" target=\"_top\"><p><strong>Boutique<\/strong><\/p><p style=\"text-align: center;\"><img fetchpriority=\"high\" decoding=\"async\" src=\"https:\/\/tazig.fr\/wp-content\/uploads\/2021\/04\/Temple-des-protecteurs-Menri-1024x577.jpg\" alt=\"\" width=\"840\" height=\"473\" \/><span style=\"font-size: 10pt;\"><em>Temple des protecteurs, Monast\u00e8re de Menri, Inde &#8211; Cr\u00e9dit Photo St\u00e9phanie Lahana<\/em><\/span><\/p><p style=\"text-align: center;\"><strong><span style=\"color: #ff0000;\">\u0f04 \u0f04 \u0f04\u00a0 NOUVEAU\u00a0 \u0f04 \u0f04 \u0f04\u00a0<\/span><\/strong><\/p><p><em style=\"font-weight: bold;\"><img decoding=\"async\" src=\"https:\/\/tazig.fr\/wp-content\/uploads\/2021\/04\/Clef-USB-sans-fond.jpg\" alt=\"\" width=\"150\" height=\"89\" \/><\/em><\/p><p style=\"text-align: justify;\"><em style=\"font-weight: bold;\">Chants des protecteurs de la tradition Yungdrung B\u00f6n<\/em>, par Lama Samten Yesh\u00e9 Rinpoch\u00e9. Support : clef USB. Dur\u00e9e 48&rsquo;41\u00a0\u00bb. Prix :13 \u20ac + frais de port (consulter le panier en bas de la page).<\/p><p><span style=\"text-decoration: underline;\"><em>1 \u2013 Chants des protecteurs<\/em><\/span><\/p><ul><li style=\"text-align: justify;\">\u00a0 0\u201900\u2019\u2019 \u00a0\u0336\u00a0 \u00a01. Introduction &#8211; Son de la mer<\/li><li style=\"text-align: justify;\">\u00a0 1\u201919\u2019\u2019 \u00a0\u0336\u00a0 \u00a02 . Yeshe Walmo&rsquo;i Kulwa, Invocation \u00e0 Yesh\u00e9 Walmo<\/li><li>16\u201925\u2019\u2019 \u0336\u00a0 \u00a03 . Sidpai Gyalmo<\/li><li>18\u201911\u2019\u2019 \u00a0\u0336\u00a0 \u00a04. Mid\u00fc<\/li><li>19\u201916\u2019\u2019 \u00a0\u0336\u00a0 \u00a05. Asse Chenpo<\/li><li>20\u201950\u2019\u2019 \u00a0\u0336\u00a0 \u00a06. Nyipangs\u00e4<\/li><li>22\u201947\u2019\u2019 \u00a0\u0336\u00a0 \u00a07. M\u00e4nmo<\/li><li>23\u201945\u2019\u2019\u00a0 \u0336\u00a0 \u00a08. Gyalpo Shelthrab<\/li><li>25\u201924\u2019\u2019 \u00a0\u0336\u00a0 \u00a09. Dragpa Sengge<\/li><li>28\u201940\u2019\u2019 \u00a0\u0336 \u00a010. Thougdam Gyudkang<\/li><li>31\u201950\u2019\u2019 \u00a0\u0336 \u00a011. B\u00f6n Kyong Ngasol<\/li><li>39\u201950\u2019\u2019 \u00a0\u0336 \u00a012. Mantra de Sidgyal Dra-nga<\/li><li>47\u201940\u2019\u2019 \u00a0\u0336 \u00a013. D\u00e9dicace<\/li><\/ul><p><span style=\"text-decoration: underline;\"><em>2 \u2013 PDF Textes<\/em><\/span><\/p><p><span style=\"text-decoration: underline;\"><em>3 \u2013 PDF Invocation \u00e0 Yeshe Walmo texte tib\u00e9tain avec traduction<\/em><\/span><\/p><p><span style=\"text-decoration: underline;\"><em>4 \u2013 Image Yeshe Walmo<\/em><\/span><img decoding=\"async\" src=\"https:\/\/www.paypalobjects.com\/fr_FR\/i\/scr\/pixel.gif\" alt=\"\" width=\"1\" height=\"1\" border=\"0\" \/><\/p><\/form><form action=\"https:\/\/www.paypal.com\/cgi-bin\/webscr\" method=\"post\" target=\"_top\"><p style=\"text-align: justify;\"><img loading=\"lazy\" decoding=\"async\" src=\"https:\/\/tazig.fr\/wp-content\/uploads\/2017\/08\/CD-0-couv-300x300.jpg\" alt=\"\" width=\"300\" height=\"300\" \/>CD de Chants traditionnels du bouddhisme B\u00f6n du Tibet\u00a0:\u00a0<strong><em>Chants du Ngondro. Sur le chemin de la sagesse<\/em><\/strong>, par Lama Samten Yesh\u00e9 Rinpoch\u00e9. Dur\u00e9e 70&prime;. Prix :13 \u20ac + frais de port.<img decoding=\"async\" src=\"https:\/\/www.paypalobjects.com\/fr_FR\/i\/scr\/pixel.gif\" alt=\"\" width=\"1\" height=\"1\" border=\"0\" \/><\/p><\/form><form action=\"https:\/\/www.paypal.com\/cgi-bin\/webscr\" method=\"post\" target=\"_top\"><p style=\"text-align: justify;\"><span style=\"font-size: 1.0625rem; text-align: justify;\">***Liste des titres :<\/span><\/p><ul><li><em>Pri\u00e8re \u00e0 Nyam\u00e9 Sherab Gyaltsen (pour d\u00e9velopper la sagesse)<\/em><\/li><li><em>Laminaljor (Guru Yoga, recevoir la b\u00e9n\u00e9diction de la lign\u00e9e des Ma\u00eetres)<\/em><\/li><li><em>Laminaljor rapide\u00a0(Guru Yoga, recevoir la b\u00e9n\u00e9diction de la lign\u00e9e des Ma\u00eetres)<\/em><\/li><li><em>Chant du refuge (suivre les enseignements pour se prot\u00e9ger des souffrances du samsara)<\/em><\/li><li><em>Boddhicita (se lib\u00e9rer de son ego et aider tous les \u00eatres dans la souffrance)<\/em><\/li><li><em>Offrande du Mandala (accumulation des m\u00e9rites)<\/em><\/li><li><em>Mantra des 100 syllabes (mantra roi pour nettoyer les \u00e9nergies n\u00e9gatives)<\/em><\/li><li><em>3 MANTRAS DU C\u0152UR (nettoyer les 3 portes : esprit, parole, corps)<\/em><ul><li><em>1er mantra A KAR SA LE<\/em><\/li><li><em>2e mantra MA TRI<\/em><\/li><li><em>3e mantra A KA RAM<\/em><\/li><li><em>Suite du 3e mantra A KA SEM NYING NAMPA DA<\/em><\/li><\/ul><\/li><li><em>D\u00e9dicace (pour tous les \u00eatres, nettoyer le karma et se reconnecter \u00e0 la v\u00e9ritable nature de l&rsquo;esprit)<\/em><\/li><\/ul><\/form><form action=\"https:\/\/www.paypal.com\/cgi-bin\/webscr\" method=\"post\" target=\"_top\"><\/form><form action=\"https:\/\/www.paypal.com\/cgi-bin\/webscr\" method=\"post\" target=\"_top\"><p style=\"text-align: justify;\"><img loading=\"lazy\" decoding=\"async\" src=\"https:\/\/tazig.fr\/wp-content\/uploads\/2017\/08\/Scan-CD-2-et-3-Lamala.jpg\" alt=\"\" width=\"300\" height=\"301\" \/>CD de Chants traditionnels du bouddhisme B\u00f6n du Tibet\u00a0:\u00a0<strong><em>Mantra du coeur : OM MA TRI MUYE SALE DU<\/em><\/strong>, par Lama Samten Yesh\u00e9 Rinpoch\u00e9. Dur\u00e9e 70&prime;. Prix :13 \u20ac + frais de port.<\/p><\/form><form action=\"https:\/\/www.paypal.com\/cgi-bin\/webscr\" method=\"post\" target=\"_top\"><p style=\"text-align: justify;\">Liste des titres :<\/p><ul><li><em>Bols Tib\u00e9tains<\/em><\/li><li><em>Pri\u00e8re \u00e0 Nyam\u00e9 Sherab Gyaltsen (pour d\u00e9velopper la sagesse)<\/em><\/li><li><em>Laminaljor (Guru Yoga, recevoir la b\u00e9n\u00e9diction de la lign\u00e9e des Ma\u00eetres)<\/em><\/li><li><em>Bols Tib\u00e9tains<\/em><\/li><li><em>Chant du mantra du coeur B\u00f6n : Om Matri Muye Sale du<\/em><\/li><li><em>Bols Tib\u00e9tains<\/em><\/li><li><em>D\u00e9dicace (pour tous les \u00eatres, nettoyer le karma et se reconnecter \u00e0 la v\u00e9ritable nature de l&rsquo;esprit)<\/em><\/li><li><em>Bols Tib\u00e9tains, ambiance sonore<\/em><\/li><\/ul><p style=\"text-align: justify;\"><img loading=\"lazy\" decoding=\"async\" src=\"https:\/\/tazig.fr\/wp-content\/uploads\/2017\/08\/Cd-Tch\u00f6-Lamala.jpg\" alt=\"\" width=\"300\" height=\"300\" \/>CD de Chants traditionnels du bouddhisme B\u00f6n du Tibet\u00a0:\u00a0<strong><em>Vaincre les obstacles &#8211; Pratique du Ch\u00f6 (Tcheu) et du Bardo<\/em><\/strong>, par Lama Samten Yesh\u00e9 Rinpoch\u00e9. Dur\u00e9e 46&prime;. Prix :13 \u20ac + frais de port.<\/p><\/form><form action=\"https:\/\/www.paypal.com\/cgi-bin\/webscr\" method=\"post\" target=\"_top\"><p style=\"text-align: justify;\">Liste des titres :<\/p><ul><li><em>Introduction musicale<\/em><\/li><li><em>Tongka (conque traditionnelle tib\u00e9taine, le son de l&rsquo;absence de la souffrance)<\/em><\/li><li><em>Pri\u00e8re \u00e0 Nyam\u00e9 Sherab Gyaltsen (pour d\u00e9velopper la sagesse)<\/em><\/li><li><em>Bols tib\u00e9tains<\/em><\/li><li><em>Laminaljor (Guru Yoga, recevoir la b\u00e9n\u00e9diction de la lign\u00e9e des Ma\u00eetres)<\/em><\/li><li><em>Bols tib\u00e9tains<\/em><\/li><li><em>Chant du refuge (suivre les enseignements pour se prot\u00e9ger des souffrances du samsara)<\/em><\/li><li><em>Bols tib\u00e9tains<\/em><\/li><li><em>Laminaljor (Guru Yoga, recevoir la b\u00e9n\u00e9diction de la lign\u00e9e des Ma\u00eetres)<\/em><\/li><li><em>Bols Tib\u00e9tains<\/em><\/li><li><em>Boddhicita (se lib\u00e9rer de son ego et aider tous les \u00eatres dans la souffrance)<\/em><\/li><li>Bruit du tonnerre<\/li><li>Pratique du Ch\u00f6 (Tcheu) : pri\u00e8re pour couper les \u00e9motions et \u00e9nergies n\u00e9gatives<\/li><li>Bols tib\u00e9tains<\/li><li>Pratique du Bardo : pri\u00e8re pour traverser les \u00e9tats interm\u00e9diaires de la mort<\/li><li><em>D\u00e9dicace (pour tous les \u00eatres, nettoyer le karma et se reconnecter \u00e0 la v\u00e9ritable nature de l&rsquo;esprit)<\/em><\/li><li><em>Bols Tib\u00e9tains<\/em><\/li><li><em>\u00a0<\/em><\/li><\/ul><\/form>\t\t\t\t\t\t\t\t<\/div>\n\t\t\t\t<\/div>\n\t\t\t\t\t<\/div>\n\t\t<\/div>\n\t\t\t\t\t<\/div>\n\t\t<\/section>\n\t\t\t\t<\/div>\n\t\t","protected":false},"excerpt":{"rendered":"<p>NOUS SOUTENIR ADHESION 2024 &#8211; 2025 valable du 1er septembre 2024 au 31 ao\u00fbt 2025 Tazig Samten Ling est une association d\u00e9clar\u00e9e d\u2019int\u00e9r\u00eat g\u00e9n\u00e9ral. A ce titre,\u00a0pour tout don,\u00a0Tazig Samten Ling vous d\u00e9livrera en d\u00e9but d&rsquo;ann\u00e9e un\u00a0re\u00e7u fiscal qui permet \u00e0 tout\u00a0 donateur de b\u00e9n\u00e9ficier d\u2019une r\u00e9duction d\u2019imp\u00f4t \u00e9gale \u00e0 66 % de la somme vers\u00e9e dans la limite de 20 % de son revenu[&#8230;]<\/p>\n","protected":false},"author":1,"featured_media":174,"parent":0,"menu_order":0,"comment_status":"closed","ping_status":"closed","template":"elementor_header_footer","meta":{"_uag_custom_page_level_css":"","footnotes":""},"class_list":["post-17","page","type-page","status-publish","has-post-thumbnail","hentry"],"uagb_featured_image_src":{"full":["https:\/\/tazig.fr\/wp-content\/uploads\/2017\/08\/fou-rire.jpg",2464,2465,false],"thumbnail":["https:\/\/tazig.fr\/wp-content\/uploads\/2017\/08\/fou-rire-150x150.jpg",150,150,true],"medium":["https:\/\/tazig.fr\/wp-content\/uploads\/2017\/08\/fou-rire-300x300.jpg",300,300,true],"medium_large":["https:\/\/tazig.fr\/wp-content\/uploads\/2017\/08\/fou-rire-768x768.jpg",768,768,true],"large":["https:\/\/tazig.fr\/wp-content\/uploads\/2017\/08\/fou-rire-1024x1024.jpg",840,840,true],"1536x1536":["https:\/\/tazig.fr\/wp-content\/uploads\/2017\/08\/fou-rire.jpg",1536,1536,false],"2048x2048":["https:\/\/tazig.fr\/wp-content\/uploads\/2017\/08\/fou-rire.jpg",2048,2048,false],"post-thumbnail":["https:\/\/tazig.fr\/wp-content\/uploads\/2017\/08\/fou-rire-840x560.jpg",840,560,true],"poseidon-header-image":["https:\/\/tazig.fr\/wp-content\/uploads\/2017\/08\/fou-rire-1920x480.jpg",1920,480,true],"poseidon-thumbnail-small":["https:\/\/tazig.fr\/wp-content\/uploads\/2017\/08\/fou-rire-120x80.jpg",120,80,true],"poseidon-thumbnail-medium":["https:\/\/tazig.fr\/wp-content\/uploads\/2017\/08\/fou-rire-360x240.jpg",360,240,true],"poseidon-thumbnail-large":["https:\/\/tazig.fr\/wp-content\/uploads\/2017\/08\/fou-rire-600x400.jpg",600,400,true],"poseidon-thumbnail-single":["https:\/\/tazig.fr\/wp-content\/uploads\/2017\/08\/fou-rire-840x420.jpg",840,420,true]},"uagb_author_info":{"display_name":"Mandesha","author_link":"https:\/\/tazig.fr\/index.php\/author\/mandesha\/"},"uagb_comment_info":0,"uagb_excerpt":"NOUS SOUTENIR ADHESION 2024 &#8211; 2025 valable du 1er septembre 2024 au 31 ao\u00fbt 2025 Tazig Samten Ling est une association d\u00e9clar\u00e9e d\u2019int\u00e9r\u00eat g\u00e9n\u00e9ral. A ce titre,\u00a0pour tout don,\u00a0Tazig Samten Ling vous d\u00e9livrera en d\u00e9but d&rsquo;ann\u00e9e un\u00a0re\u00e7u fiscal qui permet \u00e0 tout\u00a0 donateur de b\u00e9n\u00e9ficier d\u2019une r\u00e9duction d\u2019imp\u00f4t \u00e9gale \u00e0 66 % de la somme\u2026","_links":{"self":[{"href":"https:\/\/tazig.fr\/index.php\/wp-json\/wp\/v2\/pages\/17","targetHints":{"allow":["GET"]}}],"collection":[{"href":"https:\/\/tazig.fr\/index.php\/wp-json\/wp\/v2\/pages"}],"about":[{"href":"https:\/\/tazig.fr\/index.php\/wp-json\/wp\/v2\/types\/page"}],"author":[{"embeddable":true,"href":"https:\/\/tazig.fr\/index.php\/wp-json\/wp\/v2\/users\/1"}],"replies":[{"embeddable":true,"href":"https:\/\/tazig.fr\/index.php\/wp-json\/wp\/v2\/comments?post=17"}],"version-history":[{"count":101,"href":"https:\/\/tazig.fr\/index.php\/wp-json\/wp\/v2\/pages\/17\/revisions"}],"predecessor-version":[{"id":4017,"href":"https:\/\/tazig.fr\/index.php\/wp-json\/wp\/v2\/pages\/17\/revisions\/4017"}],"wp:featuredmedia":[{"embeddable":true,"href":"https:\/\/tazig.fr\/index.php\/wp-json\/wp\/v2\/media\/174"}],"wp:attachment":[{"href":"https:\/\/tazig.fr\/index.php\/wp-json\/wp\/v2\/media?parent=17"}],"curies":[{"name":"wp","href":"https:\/\/api.w.org\/{rel}","templated":true}]}}